{"id":1375,"date":"2023-03-07T15:23:15","date_gmt":"2023-03-07T15:23:15","guid":{"rendered":"https:\/\/glampingstariha.com\/?page_id=1375"},"modified":"2023-05-25T17:08:43","modified_gmt":"2023-05-25T17:08:43","slug":"hisni-red","status":"publish","type":"page","link":"https:\/\/glampingstariha.com\/de\/hisni-red\/","title":{"rendered":"Hausordnung"},"content":{"rendered":"<div data-elementor-type=\"wp-page\" data-elementor-id=\"1375\" class=\"elementor elementor-1375\">\n\t\t\t\t\t\t\t\t\t<section class=\"elementor-section elementor-top-section elementor-element elementor-element-66c4423 elementor-section-boxed elementor-section-height-default elementor-section-height-default\" data-id=\"66c4423\" data-element_type=\"section\" data-settings=\"{&quot;background_background&quot;:&quot;classic&quot;,&quot;jet_parallax_layout_list&quot;:[]}\">\n\t\t\t\t\t\t\t<div class=\"elementor-background-overlay\"><\/div>\n\t\t\t\t\t\t\t<div class=\"elementor-container elementor-column-gap-no\">\n\t\t\t\t\t<div class=\"elementor-column elementor-col-50 elementor-top-column elementor-element elementor-element-70e5462\" data-id=\"70e5462\" data-element_type=\"column\">\n\t\t\t<div class=\"elementor-widget-wrap elementor-element-populated\">\n\t\t\t\t\t\t\t\t<div class=\"elementor-element elementor-element-d520858 elementor-widget elementor-widget-heading\" data-id=\"d520858\" data-element_type=\"widget\" data-widget_type=\"heading.default\">\n\t\t\t\t<div class=\"elementor-widget-container\">\n\t\t\t<style>\/*! elementor - v3.13.3 - 22-05-2023 *\/\n.elementor-heading-title{padding:0;margin:0;line-height:1}.elementor-widget-heading .elementor-heading-title[class*=elementor-size-]>a{color:inherit;font-size:inherit;line-height:inherit}.elementor-widget-heading .elementor-heading-title.elementor-size-small{font-size:15px}.elementor-widget-heading .elementor-heading-title.elementor-size-medium{font-size:19px}.elementor-widget-heading .elementor-heading-title.elementor-size-large{font-size:29px}.elementor-widget-heading .elementor-heading-title.elementor-size-xl{font-size:39px}.elementor-widget-heading .elementor-heading-title.elementor-size-xxl{font-size:59px}<\/style><h1 class=\"elementor-heading-title elementor-size-default\">Hausordnung<\/h1>\t\t<\/div>\n\t\t\t\t<\/div>\n\t\t\t\t\t<\/div>\n\t\t<\/div>\n\t\t\t\t<div class=\"elementor-column elementor-col-50 elementor-top-column elementor-element elementor-element-d1a236e\" data-id=\"d1a236e\" data-element_type=\"column\">\n\t\t\t<div class=\"elementor-widget-wrap\">\n\t\t\t\t\t\t\t\t\t<\/div>\n\t\t<\/div>\n\t\t\t\t\t\t\t<\/div>\n\t\t<\/section>\n\t\t\t\t<section class=\"elementor-section elementor-top-section elementor-element elementor-element-3d53d33 elementor-section-boxed elementor-section-height-default elementor-section-height-default\" data-id=\"3d53d33\" data-element_type=\"section\" data-settings=\"{&quot;jet_parallax_layout_list&quot;:[]}\">\n\t\t\t\t\t\t<div class=\"elementor-container elementor-column-gap-default\">\n\t\t\t\t\t<div class=\"elementor-column elementor-col-33 elementor-top-column elementor-element elementor-element-ece17bf\" data-id=\"ece17bf\" data-element_type=\"column\">\n\t\t\t<div class=\"elementor-widget-wrap\">\n\t\t\t\t\t\t\t\t\t<\/div>\n\t\t<\/div>\n\t\t\t\t<div class=\"elementor-column elementor-col-33 elementor-top-column elementor-element elementor-element-618a31b\" data-id=\"618a31b\" data-element_type=\"column\">\n\t\t\t<div class=\"elementor-widget-wrap elementor-element-populated\">\n\t\t\t\t\t\t\t\t<div class=\"elementor-element elementor-element-82314b5 elementor-widget elementor-widget-heading\" data-id=\"82314b5\" data-element_type=\"widget\" data-widget_type=\"heading.default\">\n\t\t\t\t<div class=\"elementor-widget-container\">\n\t\t\t<h4 class=\"elementor-heading-title elementor-size-default\">HAUSORDNUNG IN PRIVATUNTERK\u00dcNFTEN<\/h4>\t\t<\/div>\n\t\t\t\t<\/div>\n\t\t\t\t<div class=\"elementor-element elementor-element-460bc9a elementor-widget elementor-widget-text-editor\" data-id=\"460bc9a\" data-element_type=\"widget\" data-widget_type=\"text-editor.default\">\n\t\t\t\t<div class=\"elementor-widget-container\">\n\t\t\t<style>\/*! elementor - v3.13.3 - 22-05-2023 *\/\n.elementor-widget-text-editor.elementor-drop-cap-view-stacked .elementor-drop-cap{background-color:#69727d;color:#fff}.elementor-widget-text-editor.elementor-drop-cap-view-framed .elementor-drop-cap{color:#69727d;border:3px solid;background-color:transparent}.elementor-widget-text-editor:not(.elementor-drop-cap-view-default) .elementor-drop-cap{margin-top:8px}.elementor-widget-text-editor:not(.elementor-drop-cap-view-default) .elementor-drop-cap-letter{width:1em;height:1em}.elementor-widget-text-editor .elementor-drop-cap{float:left;text-align:center;line-height:1;font-size:50px}.elementor-widget-text-editor .elementor-drop-cap-letter{display:inline-block}<\/style>\t\t\t\t<p>Um Ihnen einen angenehmen Aufenthalt zu erm\u00f6glichen und eventuelle Missverst\u00e4ndnisse\nzu vermeiden, m\u00f6chten wir Sie mit der Hausordnung bekanntmachen.<br>vertraut sind, Mit der Buchungsbest\u00e4tigung wird davon augegangen, dass Sie mit der<br>Hausordnung diese akzeptieren und sich an diese halten werden. Das Nichtbeachten des<br>Reglements kann zu einer Buchungsk\u00fcndigung f\u00fchren. Ebenso wird der gesamte Buchungsbetrag\neingefordert, ohne R\u00fccksicht auf die zwingende, vorzeitige Abreise.<\/p>\n<p><\/p>\n<p>- Bei der Unterkunft in der Unterkunf ist der Gast verpflichtet, dem Hausherrn seine<br>pers\u00f6nlichen Dokumente (Reisepass bzw. Personalausweis) zur Einsicht zu<br>\u00fcberreichen, damit dieser die Anmeldung durchf\u00fchren kann und es muss der<br>Restbetrag f\u00fcr die Unterkunft an den Hausherrn bezahlt werden. Der Hausherr beh\u00e4lt die Ausweisdokumente ausschlie\u00dflich bis die Anmeldung durchgef\u00fchrt wurde.<br>- Die gebuchte \u00dcbernachtung muss sp\u00e4testens bei der Anmeldung bezahlt werden.<br>- Das Rauchen in den Unterkunftseinheiten ist nicht gestattet.<br>- Unterkunftseinheiten, in denen keine Schuhe getragen werden d\u00fcrfen, sind entsprechend<br>gekennzeichnet. Der Hausherr steht Ihnen w\u00e4hrend Ihres Aufenthaltes f\u00fcr alle<br>Informationen und sonstige Hilfe zur Verf\u00fcgung (+00386 31 784 881). \nWir empfehlen Ihnen, eventuelle Kommentare zut Qualit\u00e4t der<br>Unterkunfts unverz\u00fcglich dem Haushern zu melden.<br>- Die G\u00e4ste sind verantwortlich f\u00fcr die Ordnung und Sauberkeit, sowie f\u00fcr den Erhalt<br>der gemieteten Unterkunft. Der Hausherr ist nicht dazu verpflichtet weder<br>w\u00e4hrend des Aufenthaltes des Gastes die Unterkunft zu reinigen, noch den M\u00fcll\naus der gemieteten Unterkunft zu entsorgen.<br>- Der Hausherr wechselt die Bettw\u00e4sche alle 7 Tage. Der Hausherr ist den G\u00e4sten<br>verpflichtet Handt\u00fccher und Toilettenpapier bereit zu stellen.<br>- Der Hausherr tr\u00e4gt weder die Verantwortung noch ist er verpflichtet die G\u00e4ste zu<br>animieren oder deren Freizeit zu organisieren.<br>- Der Gast muss selber auf seine Wertsachen und anderen Besitz achten, die er in der<br>Unterkunftseinheit aufbewahrt, da der Hausherr keine<br>Verantwortung f\u00fcr eventuelle Diebst\u00e4hle \u00fcbernimmt. Wenn Sie die Unterkunft\nverlassen, schliessen Sie unbedingt T\u00fcren und Fenster ab.<br>- Der Hausherr hat nicht das Recht w\u00e4hrend der Abwesenheit des Gastes die<br>gemietete Unterkunfts zu betreten. Eine Ausnahme sind<br>au\u00dfergew\u00f6hnliche Umst\u00e4nde, unter denen es unabdingbar ist, die Unterkunft zu<br>betreten, um das Entstehen von m\u00f6glichen Sch\u00e4den und Gefahren zu vermeiden.<br>Der Hausherr ist in so einem Fall verpflichtet den Gast sofort \u00fcber das Betreten der<br>gemieteten Unterkunfts zu informieren. Falls der Hausherr berechtigte\nZweifel hat, dass es in der Unterkunft zu Sch\u00e4den gekommen ist, ist der Gast\nverpflichtet dem Hausherrn den Zutritt zu erm\u00f6glichen, damit dieser die Situation in\nder Unterkunfts \u00fcberpr\u00fcfen kann.<\/p>\n<p>- Haustiere d\u00fcrfen nur in die Unterkunfts mitgebracht werden, wenn dies<br>vorher vom Hausherren erlaubt worden ist. Das Mitbringen von<br>Haustieren ohne vorherige Ank\u00fcndigung bei der Reservation ist nicht erlaubt, und<br>der Hausherr hat das Recht die Unterkunfts zu<br>k\u00fcndigen. Der Gast ist verpflichtet auf seine Haustiere aufzupassen, so dass diese<br>nicht auf den M\u00f6beln herumspringen oder einen Schaden verursachen. Des<br>Weiteren muss der Gast in den Unterkunftseinheiten und auf den Rasenfl\u00e4chen die F\u00e4kalien<br>des Haustieres sofort entsorgen. Wenn von vornherein abgesprochen war, dass<br>die Haustiere drau\u00dfen gehalten werden, ist es strengstens verboten, das Haustier in der\ngemieteten Unterkunft zu halten.<br>- Ohne vorherige Erlaubnis des Hausherrn ist es nicht gestattet folgende<br>Gegenst\u00e4nde in die gemietete Unterkunft mitzunehmen: Waffen, leicht entflammbare<br>Stoffe und Explosivstoffe, Stoffe mit starkem oder unangenehmen Geruch sowie<br>K\u00fcchenger\u00e4te jeglicher Art (Kochplatte u.\u00e4.) oder andere elektrische\nGer\u00e4te (Ventilator u.\u00e4.)<br>- Wir bitten Sie, die gemietete Unterkunftseinheit, das Mobiliar, sowie die Ausstattung<br>im Inneren und \u00c4u\u00dferen des Hauses mit Sorgfalt zu behandeln. Es ist nicht gestattet,<br>das Mobiliar innerhalb der R\u00e4ume zu verschieben, sowie die Innenausstattung von einer Unterkunfts zur anderen Unterkunfts zu bringen.<br>- Die Nutzung von Ausstattungen und Ger\u00e4ten, die kein Teil des Angebotes der Unterkunfts<br>sind (Grill, Garagen,\u2026), k\u00f6nnen nur mit Erlaubnis des Hausherren genutzt werden.<br>- Beim Verlassen der Unterkunfts m\u00fcssen Sie folgende Dinge beachten:<br>Sonnenschirme schlie\u00dfen, alle Lichter ausschalten, alle elektrischen Ger\u00e4te<br>ausschalten, alle Gasinstallationen und Wasserh\u00e4hne schlie\u00dfen. Ebenfalls ist es<br>verboten M\u00fcll in der Toilette, im Waschbecken oder in anderen nicht daf\u00fcr\nvorgesehenen Orten zu entsorgen, dies gilt Auch flur die Rasenfl\u00e4chen und f\u00fcr die\nunmittelbare Umgebung des Hauses.<br>- Es ist strengstens verboten Personen, die nicht reserviert haben, in<br>die Unterkunftseinheit selbst oder auf das Grundst\u00fcck des Objektes, einzuladen.<br>Sollten sich Personen, die nicht registriert sind oder w\u00e4hrend der Reservation angemeldet<br>worden sind, auf dem Grundst\u00fcck befinden, hat der Hausherr das Recht allen\nG\u00e4sten die Unterkunft zu k\u00fcndigen.<br>- Bei fahrl\u00e4ssigen oder unabsichtlichen Sch\u00e4den durch den Gast muss dieser dem<br>Hausherrn den Schaden vollst\u00e4ndig begleichen. Der Hausherr kann f\u00fcr jede<br>reservierte Unterkunfts eine Kaution verlangen. Der Gast hinterlegt die<br>Kaution am Tage seiner Ankunft in der reservierten Unterkunftseinheit. Die Kaution wird<br>am Abreisetag zur\u00fcckgegeben, falls die Unterkunfts in dem Zustand<br>abgegeben wird, wie man Sie am Ankunftstag entgegengenommen hat.<br>Informationen \u00fcber die H\u00f6he und Zahlung der Kaution kann der Gast in der Preisliste der\nUnterkunftseinheit und im Voucher \u00fcberpr\u00fcfen.<br>- Falls der Gast am Tag seiner Ankunft die Unterbringung nicht vor 20:00 Uhr<br>erreichen kann, muss der Hausherr  \u00fcber die Versp\u00e4tung informiert<br>werden, so dass die Situation vermieden wird, dass der Hausherr annimmt, dass der<br>Gast die Unterkunft nicht annehmen m\u00f6chte und er diese Unterkunft weitervermietet.<br>- Am Abreisetag muss die Unterkunftseinheit vor 11:00 Uhr verlassen werden, damit<br>diese gereinigt und f\u00fcr den n\u00e4chsten Gast vorbereitet werden kann, da dieser das<br><span style=\"font-style: inherit; font-weight: inherit; background-color: var(--ast-global-color-4);\">Recht hat ab 15:00 Uhr die Unterkunftseinheit in Empfang zu nehmen. Sie sind<br><\/span><span style=\"font-style: inherit; font-weight: inherit; background-color: var(--ast-global-color-4);\">verpflichtet die gemieteten Objekte in dem Zustand zu hinterlassen, in dem Sie sie\nam Tage Ihrer Ankunft vorgefunden haben \u2013 ordentlich und unversehrt.<br><\/span><span style=\"font-style: inherit; font-weight: inherit; background-color: var(--ast-global-color-4);\">- Ab 22.00 bis 8.00 Uhr ist die Nachtruhezeit, daher bitten wir Sie w\u00e4hrend dieser Zeit<br><\/span><span style=\"font-style: inherit; font-weight: inherit; background-color: var(--ast-global-color-4);\">die anderen G\u00e4ste und den Hausherrn nicht zu st\u00f6ren.<br><\/span><span style=\"font-style: inherit; font-weight: inherit; background-color: var(--ast-global-color-4);\">- G\u00e4sten, die sich nicht an die Hausordnung halten und die Hausruhe st\u00f6ren, kann die<br><\/span><span style=\"font-style: inherit; font-weight: inherit; background-color: var(--ast-global-color-4);\">Unterkunft gek\u00fcndigt werden. K\u00fcndigt der Hausherr dem Gast die Unterkunft, weil<br><\/span><span style=\"font-style: inherit; font-weight: inherit; background-color: var(--ast-global-color-4);\">der Gast sich nicht an die Hausordnung gehalten hat, wird dem\nGast der eingezahlte Betrag ohne Ber\u00fccksichtigung auf den verk\u00fcrzten Aufenthalt\nnicht zur\u00fcckerstattet.<br><\/span><span style=\"font-style: inherit; font-weight: inherit; background-color: var(--ast-global-color-4);\">- Es wird davon ausgegangen, dass mit dem Beginn der Nutzung der<br><\/span><span style=\"font-style: inherit; font-weight: inherit; background-color: var(--ast-global-color-4);\">Unterkunftseinheit dem Gast die Hausordnung bekannt ist und die hier<br><\/span><span style=\"font-style: inherit; font-weight: inherit; background-color: var(--ast-global-color-4);\">aufgef\u00fchrten Pflichten und Bedingungen akzeptiert. Streitf\u00e4lle, die nicht intern\nmit dem Hausherren gel\u00f6st werden k\u00f6nnen, werden von der Polizei und dem zust\u00e4ndigen Gericht \u00fcberpr\u00fcft. Reklamationen werden nur dann bearbeitet, wenn sie w\u00e4hrend des Aufenthaltes des Gastes in der\n\nUnterbringungseinheit erfolgen.<br><\/span><span style=\"font-style: inherit; font-weight: inherit; background-color: var(--ast-global-color-4);\">Nachtr\u00e4gliche Reklamationen werden nicht\nber\u00fccksichtigt.<\/span><\/p>\t\t\t\t\t\t<\/div>\n\t\t\t\t<\/div>\n\t\t\t\t\t<\/div>\n\t\t<\/div>\n\t\t\t\t<div class=\"elementor-column elementor-col-33 elementor-top-column elementor-element elementor-element-4f30ac4\" data-id=\"4f30ac4\" data-element_type=\"column\">\n\t\t\t<div class=\"elementor-widget-wrap\">\n\t\t\t\t\t\t\t\t\t<\/div>\n\t\t<\/div>\n\t\t\t\t\t\t\t<\/div>\n\t\t<\/section>\n\t\t\t\t\t\t\t<\/div>","protected":false},"excerpt":{"rendered":"<p>Hi\u0161ni red HI\u0160NI RED ZASEBNE NAMESTITVE Da bi Vam zagotovili ugodno bivanje in prepre\u010dili morebitne nesporazume, Vas prosimo, dase seznanite s hi\u0161nim redom. S potrditvijo rezervacije potrjujete, da ste seznanjeni s hi\u0161nimredom in da ga boste v celoti upo\u0161tevali. Kr\u0161enje hi\u0161nega reda je lahko vzrok odpovedirezervacije ter pla\u010dila polne cene bivanja ne glede na pred\u010dasen &hellip;<\/p>\n<p class=\"read-more\"> <a class=\"\" href=\"https:\/\/glampingstariha.com\/de\/hisni-red\/\"> <span class=\"screen-reader-text\">Hausordnung<\/span> Weiterlesen &raquo;<\/a><\/p>","protected":false},"author":1,"featured_media":0,"parent":0,"menu_order":0,"comment_status":"closed","ping_status":"closed","template":"","meta":{"site-sidebar-layout":"no-sidebar","site-content-layout":"page-builder","ast-global-header-display":"","ast-main-header-display":"","ast-hfb-above-header-display":"","ast-hfb-below-header-display":"","ast-hfb-mobile-header-display":"","site-post-title":"disabled","ast-breadcrumbs-content":"disabled","ast-featured-img":"disabled","footer-sml-layout":"","theme-transparent-header-meta":"enabled","adv-header-id-meta":"","stick-header-meta":"","header-above-stick-meta":"","header-main-stick-meta":"","header-below-stick-meta":"","footnotes":""},"class_list":["post-1375","page","type-page","status-publish","hentry"],"yoast_head":"<!-- This site is optimized with the Yoast SEO plugin v20.8 - https:\/\/yoast.com\/wordpress\/plugins\/seo\/ -->\n<title>Hi\u0161ni red - Glamping Stariha<\/title>\n<meta name=\"robots\" content=\"index, follow, max-snippet:-1, max-image-preview:large, max-video-preview:-1\" \/>\n<link rel=\"canonical\" href=\"https:\/\/glampingstariha.com\/de\/hisni-red\/\" \/>\n<meta property=\"og:locale\" content=\"de_DE\" \/>\n<meta property=\"og:type\" content=\"article\" \/>\n<meta property=\"og:title\" content=\"Hi\u0161ni red - Glamping Stariha\" \/>\n<meta property=\"og:description\" content=\"Hi\u0161ni red HI\u0160NI RED ZASEBNE NAMESTITVE Da bi Vam zagotovili ugodno bivanje in prepre\u010dili morebitne nesporazume, Vas prosimo, dase seznanite s hi\u0161nim redom. S potrditvijo rezervacije potrjujete, da ste seznanjeni s hi\u0161nimredom in da ga boste v celoti upo\u0161tevali. Kr\u0161enje hi\u0161nega reda je lahko vzrok odpovedirezervacije ter pla\u010dila polne cene bivanja ne glede na pred\u010dasen &hellip; Hi\u0161ni red Weiterlesen &raquo;\" \/>\n<meta property=\"og:url\" content=\"https:\/\/glampingstariha.com\/de\/hisni-red\/\" \/>\n<meta property=\"og:site_name\" content=\"Glamping Stariha\" \/>\n<meta property=\"article:modified_time\" content=\"2023-05-25T17:08:43+00:00\" \/>\n<meta name=\"twitter:card\" content=\"summary_large_image\" \/>\n<meta name=\"twitter:label1\" content=\"Gesch\u00e4tzte Lesezeit\" \/>\n\t<meta name=\"twitter:data1\" content=\"1\u00a0Minute\" \/>\n<script type=\"application\/ld+json\" class=\"yoast-schema-graph\">{\"@context\":\"https:\/\/schema.org\",\"@graph\":[{\"@type\":\"WebPage\",\"@id\":\"https:\/\/glampingstariha.com\/hisni-red\/\",\"url\":\"https:\/\/glampingstariha.com\/hisni-red\/\",\"name\":\"Hi\u0161ni red - Glamping Stariha\",\"isPartOf\":{\"@id\":\"https:\/\/glampingstariha.com\/#website\"},\"datePublished\":\"2023-03-07T15:23:15+00:00\",\"dateModified\":\"2023-05-25T17:08:43+00:00\",\"breadcrumb\":{\"@id\":\"https:\/\/glampingstariha.com\/hisni-red\/#breadcrumb\"},\"inLanguage\":\"de\",\"potentialAction\":[{\"@type\":\"ReadAction\",\"target\":[\"https:\/\/glampingstariha.com\/hisni-red\/\"]}]},{\"@type\":\"BreadcrumbList\",\"@id\":\"https:\/\/glampingstariha.com\/hisni-red\/#breadcrumb\",\"itemListElement\":[{\"@type\":\"ListItem\",\"position\":1,\"name\":\"Home\",\"item\":\"https:\/\/glampingstariha.com\/\"},{\"@type\":\"ListItem\",\"position\":2,\"name\":\"Hi\u0161ni red\"}]},{\"@type\":\"WebSite\",\"@id\":\"https:\/\/glampingstariha.com\/#website\",\"url\":\"https:\/\/glampingstariha.com\/\",\"name\":\"Glamping Stariha\",\"description\":\"Glamping na pode\u017eelju\",\"publisher\":{\"@id\":\"https:\/\/glampingstariha.com\/#organization\"},\"potentialAction\":[{\"@type\":\"SearchAction\",\"target\":{\"@type\":\"EntryPoint\",\"urlTemplate\":\"https:\/\/glampingstariha.com\/?s={search_term_string}\"},\"query-input\":\"required name=search_term_string\"}],\"inLanguage\":\"de\"},{\"@type\":\"Organization\",\"@id\":\"https:\/\/glampingstariha.com\/#organization\",\"name\":\"Glamping Stariha\",\"url\":\"https:\/\/glampingstariha.com\/\",\"logo\":{\"@type\":\"ImageObject\",\"inLanguage\":\"de\",\"@id\":\"https:\/\/glampingstariha.com\/#\/schema\/logo\/image\/\",\"url\":\"https:\/\/glampingstariha.com\/wp-content\/uploads\/2023\/03\/glamping-logo.png\",\"contentUrl\":\"https:\/\/glampingstariha.com\/wp-content\/uploads\/2023\/03\/glamping-logo.png\",\"width\":5186,\"height\":2519,\"caption\":\"Glamping Stariha\"},\"image\":{\"@id\":\"https:\/\/glampingstariha.com\/#\/schema\/logo\/image\/\"}}]}<\/script>\n<!-- \/ Yoast SEO plugin. -->","yoast_head_json":{"title":"Hi\u0161ni red - Glamping Stariha","robots":{"index":"index","follow":"follow","max-snippet":"max-snippet:-1","max-image-preview":"max-image-preview:large","max-video-preview":"max-video-preview:-1"},"canonical":"https:\/\/glampingstariha.com\/de\/hisni-red\/","og_locale":"de_DE","og_type":"article","og_title":"Hi\u0161ni red - Glamping Stariha","og_description":"Hi\u0161ni red HI\u0160NI RED ZASEBNE NAMESTITVE Da bi Vam zagotovili ugodno bivanje in prepre\u010dili morebitne nesporazume, Vas prosimo, dase seznanite s hi\u0161nim redom. S potrditvijo rezervacije potrjujete, da ste seznanjeni s hi\u0161nimredom in da ga boste v celoti upo\u0161tevali. Kr\u0161enje hi\u0161nega reda je lahko vzrok odpovedirezervacije ter pla\u010dila polne cene bivanja ne glede na pred\u010dasen &hellip; Hi\u0161ni red Weiterlesen &raquo;","og_url":"https:\/\/glampingstariha.com\/de\/hisni-red\/","og_site_name":"Glamping Stariha","article_modified_time":"2023-05-25T17:08:43+00:00","twitter_card":"summary_large_image","twitter_misc":{"Gesch\u00e4tzte Lesezeit":"1\u00a0Minute"},"schema":{"@context":"https:\/\/schema.org","@graph":[{"@type":"WebPage","@id":"https:\/\/glampingstariha.com\/hisni-red\/","url":"https:\/\/glampingstariha.com\/hisni-red\/","name":"Hi\u0161ni red - Glamping Stariha","isPartOf":{"@id":"https:\/\/glampingstariha.com\/#website"},"datePublished":"2023-03-07T15:23:15+00:00","dateModified":"2023-05-25T17:08:43+00:00","breadcrumb":{"@id":"https:\/\/glampingstariha.com\/hisni-red\/#breadcrumb"},"inLanguage":"de","potentialAction":[{"@type":"ReadAction","target":["https:\/\/glampingstariha.com\/hisni-red\/"]}]},{"@type":"BreadcrumbList","@id":"https:\/\/glampingstariha.com\/hisni-red\/#breadcrumb","itemListElement":[{"@type":"ListItem","position":1,"name":"Home","item":"https:\/\/glampingstariha.com\/"},{"@type":"ListItem","position":2,"name":"Hi\u0161ni red"}]},{"@type":"WebSite","@id":"https:\/\/glampingstariha.com\/#website","url":"https:\/\/glampingstariha.com\/","name":"Glamping Stariha","description":"Glamping na pode\u017eelju","publisher":{"@id":"https:\/\/glampingstariha.com\/#organization"},"potentialAction":[{"@type":"SearchAction","target":{"@type":"EntryPoint","urlTemplate":"https:\/\/glampingstariha.com\/?s={search_term_string}"},"query-input":"required name=search_term_string"}],"inLanguage":"de"},{"@type":"Organization","@id":"https:\/\/glampingstariha.com\/#organization","name":"Glamping Stariha","url":"https:\/\/glampingstariha.com\/","logo":{"@type":"ImageObject","inLanguage":"de","@id":"https:\/\/glampingstariha.com\/#\/schema\/logo\/image\/","url":"https:\/\/glampingstariha.com\/wp-content\/uploads\/2023\/03\/glamping-logo.png","contentUrl":"https:\/\/glampingstariha.com\/wp-content\/uploads\/2023\/03\/glamping-logo.png","width":5186,"height":2519,"caption":"Glamping Stariha"},"image":{"@id":"https:\/\/glampingstariha.com\/#\/schema\/logo\/image\/"}}]}},"_links":{"self":[{"href":"https:\/\/glampingstariha.com\/de\/wp-json\/wp\/v2\/pages\/1375","targetHints":{"allow":["GET"]}}],"collection":[{"href":"https:\/\/glampingstariha.com\/de\/wp-json\/wp\/v2\/pages"}],"about":[{"href":"https:\/\/glampingstariha.com\/de\/wp-json\/wp\/v2\/types\/page"}],"author":[{"embeddable":true,"href":"https:\/\/glampingstariha.com\/de\/wp-json\/wp\/v2\/users\/1"}],"replies":[{"embeddable":true,"href":"https:\/\/glampingstariha.com\/de\/wp-json\/wp\/v2\/comments?post=1375"}],"version-history":[{"count":122,"href":"https:\/\/glampingstariha.com\/de\/wp-json\/wp\/v2\/pages\/1375\/revisions"}],"predecessor-version":[{"id":1954,"href":"https:\/\/glampingstariha.com\/de\/wp-json\/wp\/v2\/pages\/1375\/revisions\/1954"}],"wp:attachment":[{"href":"https:\/\/glampingstariha.com\/de\/wp-json\/wp\/v2\/media?parent=1375"}],"curies":[{"name":"wp","href":"https:\/\/api.w.org\/{rel}","templated":true}]}}