{"id":1410,"date":"2023-03-14T17:35:12","date_gmt":"2023-03-14T17:35:12","guid":{"rendered":"https:\/\/glampingstariha.com\/?page_id=1410"},"modified":"2023-05-17T18:56:11","modified_gmt":"2023-05-17T18:56:11","slug":"spalnica-med-krosnjami-za-dve-osebi","status":"publish","type":"page","link":"https:\/\/glampingstariha.com\/de\/spalnica-med-krosnjami-za-dve-osebi\/","title":{"rendered":"Schlafzimmer zwischen Baumkronen f\u00fcr 2 Personen"},"content":{"rendered":"<div data-elementor-type=\"wp-page\" data-elementor-id=\"1410\" class=\"elementor elementor-1410\">\n\t\t\t\t\t\t\t\t\t<section class=\"elementor-section elementor-top-section elementor-element elementor-element-66c4423 elementor-section-boxed elementor-section-height-default elementor-section-height-default\" data-id=\"66c4423\" data-element_type=\"section\" data-settings=\"{&quot;background_background&quot;:&quot;classic&quot;,&quot;jet_parallax_layout_list&quot;:[]}\">\n\t\t\t\t\t\t\t<div class=\"elementor-background-overlay\"><\/div>\n\t\t\t\t\t\t\t<div class=\"elementor-container elementor-column-gap-no\">\n\t\t\t\t\t<div class=\"elementor-column elementor-col-100 elementor-top-column elementor-element elementor-element-70e5462\" data-id=\"70e5462\" data-element_type=\"column\">\n\t\t\t<div class=\"elementor-widget-wrap elementor-element-populated\">\n\t\t\t\t\t\t\t\t<div class=\"elementor-element elementor-element-774c618 elementor-widget elementor-widget-heading\" data-id=\"774c618\" data-element_type=\"widget\" data-widget_type=\"heading.default\">\n\t\t\t\t<div class=\"elementor-widget-container\">\n\t\t\t<style>\/*! elementor - v3.13.3 - 22-05-2023 *\/\n.elementor-heading-title{padding:0;margin:0;line-height:1}.elementor-widget-heading .elementor-heading-title[class*=elementor-size-]>a{color:inherit;font-size:inherit;line-height:inherit}.elementor-widget-heading .elementor-heading-title.elementor-size-small{font-size:15px}.elementor-widget-heading .elementor-heading-title.elementor-size-medium{font-size:19px}.elementor-widget-heading .elementor-heading-title.elementor-size-large{font-size:29px}.elementor-widget-heading .elementor-heading-title.elementor-size-xl{font-size:39px}.elementor-widget-heading .elementor-heading-title.elementor-size-xxl{font-size:59px}<\/style><h1 class=\"elementor-heading-title elementor-size-default\">Schlafzimmer zwischen Baumkronen f\u00fcr 2 Personen<\/h1>\t\t<\/div>\n\t\t\t\t<\/div>\n\t\t\t\t\t<\/div>\n\t\t<\/div>\n\t\t\t\t\t\t\t<\/div>\n\t\t<\/section>\n\t\t\t\t<section class=\"elementor-section elementor-top-section elementor-element elementor-element-e78842f elementor-section-boxed elementor-section-height-default elementor-section-height-default\" data-id=\"e78842f\" data-element_type=\"section\" data-settings=\"{&quot;jet_parallax_layout_list&quot;:[]}\">\n\t\t\t\t\t\t<div class=\"elementor-container elementor-column-gap-default\">\n\t\t\t\t\t<div class=\"elementor-column elementor-col-100 elementor-top-column elementor-element elementor-element-e792e15\" data-id=\"e792e15\" data-element_type=\"column\">\n\t\t\t<div class=\"elementor-widget-wrap elementor-element-populated\">\n\t\t\t\t\t\t\t\t<div class=\"elementor-element elementor-element-bfe84ea elementor-widget elementor-widget-text-editor\" data-id=\"bfe84ea\" data-element_type=\"widget\" data-widget_type=\"text-editor.default\">\n\t\t\t\t<div class=\"elementor-widget-container\">\n\t\t\t<style>\/*! elementor - v3.13.3 - 22-05-2023 *\/\n.elementor-widget-text-editor.elementor-drop-cap-view-stacked .elementor-drop-cap{background-color:#69727d;color:#fff}.elementor-widget-text-editor.elementor-drop-cap-view-framed .elementor-drop-cap{color:#69727d;border:3px solid;background-color:transparent}.elementor-widget-text-editor:not(.elementor-drop-cap-view-default) .elementor-drop-cap{margin-top:8px}.elementor-widget-text-editor:not(.elementor-drop-cap-view-default) .elementor-drop-cap-letter{width:1em;height:1em}.elementor-widget-text-editor .elementor-drop-cap{float:left;text-align:center;line-height:1;font-size:50px}.elementor-widget-text-editor .elementor-drop-cap-letter{display:inline-block}<\/style>\t\t\t\t<p>Zwischen den B\u00e4umen tr\u00e4umen und pure Natur genie\u00dfen, das besondere Erlebnis f\u00fcr zwei<br>Personen. Das erh\u00f6hte Schlafzimmer umgeben von Fichten bietet eine besondere Kulisse,<br>einen sch\u00f6nen Ausblick und einen angenehmen Schlaf. Morgens weckt Sie das sanfte Licht,\ndas durch die Baumkronen f\u00e4llt.<br>Das Schlafzimmer ist mit einem Bett f\u00fcr zwei Personen und einer Kommode ausgestattet.<\/p>\t\t\t\t\t\t<\/div>\n\t\t\t\t<\/div>\n\t\t\t\t<div class=\"elementor-element elementor-element-6e84c39 elementor-arrows-position-inside elementor-pagination-position-outside elementor-widget elementor-widget-image-carousel\" data-id=\"6e84c39\" data-element_type=\"widget\" data-settings=\"{&quot;slides_to_show_mobile&quot;:&quot;1&quot;,&quot;navigation&quot;:&quot;both&quot;,&quot;autoplay&quot;:&quot;yes&quot;,&quot;pause_on_hover&quot;:&quot;yes&quot;,&quot;pause_on_interaction&quot;:&quot;yes&quot;,&quot;autoplay_speed&quot;:5000,&quot;infinite&quot;:&quot;yes&quot;,&quot;speed&quot;:500}\" data-widget_type=\"image-carousel.default\">\n\t\t\t\t<div class=\"elementor-widget-container\">\n\t\t\t<style>\/*! elementor - v3.13.3 - 22-05-2023 *\/\n.elementor-widget-image-carousel .swiper,.elementor-widget-image-carousel .swiper-container{position:static}.elementor-widget-image-carousel .swiper-container .swiper-slide figure,.elementor-widget-image-carousel .swiper .swiper-slide figure{line-height:inherit}.elementor-widget-image-carousel .swiper-slide{text-align:center}.elementor-image-carousel-wrapper:not(.swiper-container-initialized):not(.swiper-initialized) .swiper-slide{max-width:calc(100% \/ var(--e-image-carousel-slides-to-show, 3))}<\/style>\t\t<div class=\"elementor-image-carousel-wrapper swiper-container\" dir=\"ltr\">\n\t\t\t<div class=\"elementor-image-carousel swiper-wrapper\">\n\t\t\t\t\t\t\t\t<div class=\"swiper-slide\"><figure class=\"swiper-slide-inner\"><img decoding=\"async\" class=\"swiper-slide-image\" src=\"https:\/\/glampingstariha.com\/wp-content\/uploads\/2023\/04\/20230402_120730-300x300.jpg\" alt=\"20230402_120730\" \/><\/figure><\/div><div class=\"swiper-slide\"><figure class=\"swiper-slide-inner\"><img decoding=\"async\" class=\"swiper-slide-image\" src=\"https:\/\/glampingstariha.com\/wp-content\/uploads\/2023\/04\/20230402_120337-300x300.jpg\" alt=\"20230402_120337\" \/><\/figure><\/div><div class=\"swiper-slide\"><figure class=\"swiper-slide-inner\"><img decoding=\"async\" class=\"swiper-slide-image\" src=\"https:\/\/glampingstariha.com\/wp-content\/uploads\/2023\/04\/20230402_120357-300x300.jpg\" alt=\"20230402_120357\" \/><\/figure><\/div><div class=\"swiper-slide\"><figure class=\"swiper-slide-inner\"><img decoding=\"async\" class=\"swiper-slide-image\" src=\"https:\/\/glampingstariha.com\/wp-content\/uploads\/2023\/04\/20230402_120418-300x300.jpg\" alt=\"20230402_120418\" \/><\/figure><\/div>\t\t\t<\/div>\n\t\t\t\t\t\t\t\t\t\t\t\t<div class=\"swiper-pagination\"><\/div>\n\t\t\t\t\t\t\t\t\t\t\t\t\t<div class=\"elementor-swiper-button elementor-swiper-button-prev\" role=\"button\" tabindex=\"0\">\n\t\t\t\t\t\t<i aria-hidden=\"true\" class=\"eicon-chevron-left\"><\/i>\t\t\t\t\t\t<span class=\"elementor-screen-only\">Previous image<\/span>\n\t\t\t\t\t<\/div>\n\t\t\t\t\t<div class=\"elementor-swiper-button elementor-swiper-button-next\" role=\"button\" tabindex=\"0\">\n\t\t\t\t\t\t<i aria-hidden=\"true\" class=\"eicon-chevron-right\"><\/i>\t\t\t\t\t\t<span class=\"elementor-screen-only\">Next image<\/span>\n\t\t\t\t\t<\/div>\n\t\t\t\t\t\t\t\t\t<\/div>\n\t\t\t\t<\/div>\n\t\t\t\t<\/div>\n\t\t\t\t\t<\/div>\n\t\t<\/div>\n\t\t\t\t\t\t\t<\/div>\n\t\t<\/section>\n\t\t\t\t<section class=\"elementor-section elementor-top-section elementor-element elementor-element-2de3899 elementor-section-boxed elementor-section-height-default elementor-section-height-default\" data-id=\"2de3899\" data-element_type=\"section\" data-settings=\"{&quot;jet_parallax_layout_list&quot;:[]}\">\n\t\t\t\t\t\t<div class=\"elementor-container elementor-column-gap-default\">\n\t\t\t\t\t<div class=\"elementor-column elementor-col-50 elementor-top-column elementor-element elementor-element-90c8f2a\" data-id=\"90c8f2a\" data-element_type=\"column\">\n\t\t\t<div class=\"elementor-widget-wrap elementor-element-populated\">\n\t\t\t\t\t\t\t\t<div class=\"elementor-element elementor-element-b84c2a3 elementor-widget elementor-widget-text-editor\" data-id=\"b84c2a3\" data-element_type=\"widget\" data-widget_type=\"text-editor.default\">\n\t\t\t\t<div class=\"elementor-widget-container\">\n\t\t\t\t\t\t\t<div class=\"elementor-background-overlay\"><strong style=\"font-size: 16px;\">Im Preis inbegriffen:<\/strong><\/div><div>\u00a0<\/div><p>- Unterkunft f\u00fcr zwei Personen<br \/>- Bettw\u00e4sche und Handt\u00fccher<br \/>- Benutzung der Sommertoilette und des Badezimmers<br \/>- Benutzung der Solardusche<br \/>- Benutzung des Gemeinschaftsraumes<br \/>- Benutzung der Sommerk\u00fcche und der K\u00fchlschr\u00e4nke<br \/>- Benutzung des Grills und des Holzofens<br \/>- Benutzung des Pools<br \/>- Endreinigung des Zimmers<br \/>- W-LAN<br \/>- kostenloser Parkplatz<\/p>\t\t\t\t\t\t<\/div>\n\t\t\t\t<\/div>\n\t\t\t\t<div class=\"elementor-element elementor-element-d17c5af elementor-widget elementor-widget-text-editor\" data-id=\"d17c5af\" data-element_type=\"widget\" data-widget_type=\"text-editor.default\">\n\t\t\t\t<div class=\"elementor-widget-container\">\n\t\t\t\t\t\t\t<p>Die Verf\u00fcgbarkeit der verschiedenen Unterk\u00fcnfte finden Sie<a href=\"https:\/\/www.booking.com\/hotel\/si\/glamping-na-podezelju-lutverci.sl.html?sb_price_type=total&amp;keep_landing=1&amp;type=total&amp;label=gen173nr-1FCAsoywFCHmdsYW1waW5nLW5hLXBvZGV6ZWxqdS1sdXR2ZXJjaUgjWARoywGIAQGYASO4ARjIAQzYAQHoAQH4AQOIAgGoAgS4AoOd1KIGwAIB0gIkOWFmYjlmZWEtZDJmMS00MTA3LTgxYzItMWMxYmY5YzdiN2Rm2AIF4AIB&amp;sid=258774ffaa90484dec4a313cb15fc2ea&amp;dist=0\"> hier.<\/a><\/p>\t\t\t\t\t\t<\/div>\n\t\t\t\t<\/div>\n\t\t\t\t<div class=\"elementor-element elementor-element-7832701 elementor-mobile-align-center elementor-widget elementor-widget-button\" data-id=\"7832701\" data-element_type=\"widget\" data-widget_type=\"button.default\">\n\t\t\t\t<div class=\"elementor-widget-container\">\n\t\t\t\t\t<div class=\"elementor-button-wrapper\">\n\t\t\t<a href=\"https:\/\/glampingstariha.com\/de\/cenik\/\" class=\"elementor-button-link elementor-button elementor-size-sm\" role=\"button\">\n\t\t\t\t\t\t<span class=\"elementor-button-content-wrapper\">\n\t\t\t\t\t\t<span class=\"elementor-button-text\">Preisliste ansehen<\/span>\n\t\t<\/span>\n\t\t\t\t\t<\/a>\n\t\t<\/div>\n\t\t\t\t<\/div>\n\t\t\t\t<\/div>\n\t\t\t\t\t<\/div>\n\t\t<\/div>\n\t\t\t\t<div class=\"elementor-column elementor-col-50 elementor-top-column elementor-element elementor-element-18075b5\" data-id=\"18075b5\" data-element_type=\"column\">\n\t\t\t<div class=\"elementor-widget-wrap elementor-element-populated\">\n\t\t\t\t\t\t\t\t<div class=\"elementor-element elementor-element-49b39e4 elementor-widget elementor-widget-image\" data-id=\"49b39e4\" data-element_type=\"widget\" data-widget_type=\"image.default\">\n\t\t\t\t<div class=\"elementor-widget-container\">\n\t\t\t<style>\/*! elementor - v3.13.3 - 22-05-2023 *\/\n.elementor-widget-image{text-align:center}.elementor-widget-image a{display:inline-block}.elementor-widget-image a img[src$=\".svg\"]{width:48px}.elementor-widget-image img{vertical-align:middle;display:inline-block}<\/style>\t\t\t\t\t\t\t\t\t\t\t\t<img decoding=\"async\" src=\"https:\/\/glampingstariha.com\/wp-content\/uploads\/elementor\/thumbs\/20230402_111900-q4o43p09g9o8b5v5sbp0v5v2pctmg1n28htt4wnk7o.jpg\" title=\"20230402_111900\" alt=\"20230402_111900\" loading=\"lazy\" \/>\t\t\t\t\t\t\t\t\t\t\t\t\t\t\t<\/div>\n\t\t\t\t<\/div>\n\t\t\t\t\t<\/div>\n\t\t<\/div>\n\t\t\t\t\t\t\t<\/div>\n\t\t<\/section>\n\t\t\t\t\t\t\t<\/div>","protected":false},"excerpt":{"rendered":"<p>Spalnica med kro\u0161njami za 2 osebi Ste za pravi oddih v naravi? V objemu smrekovih kro\u0161enj boste v dvoje do\u017eiveli pravposebno izku\u0161njo. Dvignjena hi\u0161ka, postavljena med kro\u0161nje smrek, ponuja posebno kuliso,razgled in prijeten spanec. Zjutraj vas bo zbudila ne\u017ena svetloba, ki prodira skozi kro\u0161nje.Hi\u0161ka je opremljena s posteljo za dve osebi in predalnikom. Previous Next &hellip;<\/p>\n<p class=\"read-more\"> <a class=\"\" href=\"https:\/\/glampingstariha.com\/de\/spalnica-med-krosnjami-za-dve-osebi\/\"> <span class=\"screen-reader-text\">Schlafzimmer zwischen Baumkronen f\u00fcr 2 Personen<\/span> Weiterlesen &raquo;<\/a><\/p>","protected":false},"author":1,"featured_media":0,"parent":0,"menu_order":0,"comment_status":"closed","ping_status":"closed","template":"","meta":{"site-sidebar-layout":"no-sidebar","site-content-layout":"page-builder","ast-global-header-display":"","ast-main-header-display":"","ast-hfb-above-header-display":"","ast-hfb-below-header-display":"","ast-hfb-mobile-header-display":"","site-post-title":"disabled","ast-breadcrumbs-content":"disabled","ast-featured-img":"disabled","footer-sml-layout":"","theme-transparent-header-meta":"enabled","adv-header-id-meta":"","stick-header-meta":"","header-above-stick-meta":"","header-main-stick-meta":"","header-below-stick-meta":"","footnotes":""},"class_list":["post-1410","page","type-page","status-publish","hentry"],"yoast_head":"<!-- This site is optimized with the Yoast SEO plugin v20.8 - https:\/\/yoast.com\/wordpress\/plugins\/seo\/ -->\n<title>Spalnica med kro\u0161njami za 2 osebi - Glamping Stariha<\/title>\n<meta name=\"robots\" content=\"index, follow, max-snippet:-1, max-image-preview:large, max-video-preview:-1\" \/>\n<link rel=\"canonical\" href=\"https:\/\/glampingstariha.com\/de\/spalnica-med-krosnjami-za-dve-osebi\/\" \/>\n<meta property=\"og:locale\" content=\"de_DE\" \/>\n<meta property=\"og:type\" content=\"article\" \/>\n<meta property=\"og:title\" content=\"Spalnica med kro\u0161njami za 2 osebi - Glamping Stariha\" \/>\n<meta property=\"og:description\" content=\"Spalnica med kro\u0161njami za 2 osebi Ste za pravi oddih v naravi? V objemu smrekovih kro\u0161enj boste v dvoje do\u017eiveli pravposebno izku\u0161njo. Dvignjena hi\u0161ka, postavljena med kro\u0161nje smrek, ponuja posebno kuliso,razgled in prijeten spanec. Zjutraj vas bo zbudila ne\u017ena svetloba, ki prodira skozi kro\u0161nje.Hi\u0161ka je opremljena s posteljo za dve osebi in predalnikom. Previous Next &hellip; Spalnica med kro\u0161njami za 2 osebi Weiterlesen &raquo;\" \/>\n<meta property=\"og:url\" content=\"https:\/\/glampingstariha.com\/de\/spalnica-med-krosnjami-za-dve-osebi\/\" \/>\n<meta property=\"og:site_name\" content=\"Glamping Stariha\" \/>\n<meta property=\"article:modified_time\" content=\"2023-05-17T18:56:11+00:00\" \/>\n<meta property=\"og:image\" content=\"https:\/\/glampingstariha.com\/wp-content\/uploads\/2023\/04\/20230402_120730-300x300.jpg\" \/>\n<meta name=\"twitter:card\" content=\"summary_large_image\" \/>\n<meta name=\"twitter:label1\" content=\"Gesch\u00e4tzte Lesezeit\" \/>\n\t<meta name=\"twitter:data1\" content=\"1\u00a0Minute\" \/>\n<script type=\"application\/ld+json\" class=\"yoast-schema-graph\">{\"@context\":\"https:\/\/schema.org\",\"@graph\":[{\"@type\":\"WebPage\",\"@id\":\"https:\/\/glampingstariha.com\/spalnica-med-krosnjami-za-dve-osebi\/\",\"url\":\"https:\/\/glampingstariha.com\/spalnica-med-krosnjami-za-dve-osebi\/\",\"name\":\"Spalnica med kro\u0161njami za 2 osebi - Glamping Stariha\",\"isPartOf\":{\"@id\":\"https:\/\/glampingstariha.com\/#website\"},\"datePublished\":\"2023-03-14T17:35:12+00:00\",\"dateModified\":\"2023-05-17T18:56:11+00:00\",\"breadcrumb\":{\"@id\":\"https:\/\/glampingstariha.com\/spalnica-med-krosnjami-za-dve-osebi\/#breadcrumb\"},\"inLanguage\":\"de\",\"potentialAction\":[{\"@type\":\"ReadAction\",\"target\":[\"https:\/\/glampingstariha.com\/spalnica-med-krosnjami-za-dve-osebi\/\"]}]},{\"@type\":\"BreadcrumbList\",\"@id\":\"https:\/\/glampingstariha.com\/spalnica-med-krosnjami-za-dve-osebi\/#breadcrumb\",\"itemListElement\":[{\"@type\":\"ListItem\",\"position\":1,\"name\":\"Home\",\"item\":\"https:\/\/glampingstariha.com\/\"},{\"@type\":\"ListItem\",\"position\":2,\"name\":\"Spalnica med kro\u0161njami za 2 osebi\"}]},{\"@type\":\"WebSite\",\"@id\":\"https:\/\/glampingstariha.com\/#website\",\"url\":\"https:\/\/glampingstariha.com\/\",\"name\":\"Glamping Stariha\",\"description\":\"Glamping na pode\u017eelju\",\"publisher\":{\"@id\":\"https:\/\/glampingstariha.com\/#organization\"},\"potentialAction\":[{\"@type\":\"SearchAction\",\"target\":{\"@type\":\"EntryPoint\",\"urlTemplate\":\"https:\/\/glampingstariha.com\/?s={search_term_string}\"},\"query-input\":\"required name=search_term_string\"}],\"inLanguage\":\"de\"},{\"@type\":\"Organization\",\"@id\":\"https:\/\/glampingstariha.com\/#organization\",\"name\":\"Glamping Stariha\",\"url\":\"https:\/\/glampingstariha.com\/\",\"logo\":{\"@type\":\"ImageObject\",\"inLanguage\":\"de\",\"@id\":\"https:\/\/glampingstariha.com\/#\/schema\/logo\/image\/\",\"url\":\"https:\/\/glampingstariha.com\/wp-content\/uploads\/2023\/03\/glamping-logo.png\",\"contentUrl\":\"https:\/\/glampingstariha.com\/wp-content\/uploads\/2023\/03\/glamping-logo.png\",\"width\":5186,\"height\":2519,\"caption\":\"Glamping Stariha\"},\"image\":{\"@id\":\"https:\/\/glampingstariha.com\/#\/schema\/logo\/image\/\"}}]}<\/script>\n<!-- \/ Yoast SEO plugin. -->","yoast_head_json":{"title":"Spalnica med kro\u0161njami za 2 osebi - Glamping Stariha","robots":{"index":"index","follow":"follow","max-snippet":"max-snippet:-1","max-image-preview":"max-image-preview:large","max-video-preview":"max-video-preview:-1"},"canonical":"https:\/\/glampingstariha.com\/de\/spalnica-med-krosnjami-za-dve-osebi\/","og_locale":"de_DE","og_type":"article","og_title":"Spalnica med kro\u0161njami za 2 osebi - Glamping Stariha","og_description":"Spalnica med kro\u0161njami za 2 osebi Ste za pravi oddih v naravi? V objemu smrekovih kro\u0161enj boste v dvoje do\u017eiveli pravposebno izku\u0161njo. Dvignjena hi\u0161ka, postavljena med kro\u0161nje smrek, ponuja posebno kuliso,razgled in prijeten spanec. Zjutraj vas bo zbudila ne\u017ena svetloba, ki prodira skozi kro\u0161nje.Hi\u0161ka je opremljena s posteljo za dve osebi in predalnikom. Previous Next &hellip; Spalnica med kro\u0161njami za 2 osebi Weiterlesen &raquo;","og_url":"https:\/\/glampingstariha.com\/de\/spalnica-med-krosnjami-za-dve-osebi\/","og_site_name":"Glamping Stariha","article_modified_time":"2023-05-17T18:56:11+00:00","og_image":[{"url":"https:\/\/glampingstariha.com\/wp-content\/uploads\/2023\/04\/20230402_120730-300x300.jpg"}],"twitter_card":"summary_large_image","twitter_misc":{"Gesch\u00e4tzte Lesezeit":"1\u00a0Minute"},"schema":{"@context":"https:\/\/schema.org","@graph":[{"@type":"WebPage","@id":"https:\/\/glampingstariha.com\/spalnica-med-krosnjami-za-dve-osebi\/","url":"https:\/\/glampingstariha.com\/spalnica-med-krosnjami-za-dve-osebi\/","name":"Spalnica med kro\u0161njami za 2 osebi - Glamping Stariha","isPartOf":{"@id":"https:\/\/glampingstariha.com\/#website"},"datePublished":"2023-03-14T17:35:12+00:00","dateModified":"2023-05-17T18:56:11+00:00","breadcrumb":{"@id":"https:\/\/glampingstariha.com\/spalnica-med-krosnjami-za-dve-osebi\/#breadcrumb"},"inLanguage":"de","potentialAction":[{"@type":"ReadAction","target":["https:\/\/glampingstariha.com\/spalnica-med-krosnjami-za-dve-osebi\/"]}]},{"@type":"BreadcrumbList","@id":"https:\/\/glampingstariha.com\/spalnica-med-krosnjami-za-dve-osebi\/#breadcrumb","itemListElement":[{"@type":"ListItem","position":1,"name":"Home","item":"https:\/\/glampingstariha.com\/"},{"@type":"ListItem","position":2,"name":"Spalnica med kro\u0161njami za 2 osebi"}]},{"@type":"WebSite","@id":"https:\/\/glampingstariha.com\/#website","url":"https:\/\/glampingstariha.com\/","name":"Glamping Stariha","description":"Glamping na pode\u017eelju","publisher":{"@id":"https:\/\/glampingstariha.com\/#organization"},"potentialAction":[{"@type":"SearchAction","target":{"@type":"EntryPoint","urlTemplate":"https:\/\/glampingstariha.com\/?s={search_term_string}"},"query-input":"required name=search_term_string"}],"inLanguage":"de"},{"@type":"Organization","@id":"https:\/\/glampingstariha.com\/#organization","name":"Glamping Stariha","url":"https:\/\/glampingstariha.com\/","logo":{"@type":"ImageObject","inLanguage":"de","@id":"https:\/\/glampingstariha.com\/#\/schema\/logo\/image\/","url":"https:\/\/glampingstariha.com\/wp-content\/uploads\/2023\/03\/glamping-logo.png","contentUrl":"https:\/\/glampingstariha.com\/wp-content\/uploads\/2023\/03\/glamping-logo.png","width":5186,"height":2519,"caption":"Glamping Stariha"},"image":{"@id":"https:\/\/glampingstariha.com\/#\/schema\/logo\/image\/"}}]}},"_links":{"self":[{"href":"https:\/\/glampingstariha.com\/de\/wp-json\/wp\/v2\/pages\/1410","targetHints":{"allow":["GET"]}}],"collection":[{"href":"https:\/\/glampingstariha.com\/de\/wp-json\/wp\/v2\/pages"}],"about":[{"href":"https:\/\/glampingstariha.com\/de\/wp-json\/wp\/v2\/types\/page"}],"author":[{"embeddable":true,"href":"https:\/\/glampingstariha.com\/de\/wp-json\/wp\/v2\/users\/1"}],"replies":[{"embeddable":true,"href":"https:\/\/glampingstariha.com\/de\/wp-json\/wp\/v2\/comments?post=1410"}],"version-history":[{"count":34,"href":"https:\/\/glampingstariha.com\/de\/wp-json\/wp\/v2\/pages\/1410\/revisions"}],"predecessor-version":[{"id":1834,"href":"https:\/\/glampingstariha.com\/de\/wp-json\/wp\/v2\/pages\/1410\/revisions\/1834"}],"wp:attachment":[{"href":"https:\/\/glampingstariha.com\/de\/wp-json\/wp\/v2\/media?parent=1410"}],"curies":[{"name":"wp","href":"https:\/\/api.w.org\/{rel}","templated":true}]}}