{"id":1429,"date":"2023-03-14T17:50:03","date_gmt":"2023-03-14T17:50:03","guid":{"rendered":"https:\/\/glampingstariha.com\/?page_id=1429"},"modified":"2024-10-12T07:37:24","modified_gmt":"2024-10-12T07:37:24","slug":"uporaba-prostora","status":"publish","type":"page","link":"https:\/\/glampingstariha.com\/de\/uporaba-prostora\/","title":{"rendered":"Vermietung f\u00fcr kleinere Veranstaltungenungen, bzw. Aktivit\u00e4ten"},"content":{"rendered":"<div data-elementor-type=\"wp-page\" data-elementor-id=\"1429\" class=\"elementor elementor-1429\">\n\t\t\t\t\t\t\t\t\t<section class=\"elementor-section elementor-top-section elementor-element elementor-element-66c4423 elementor-section-boxed elementor-section-height-default elementor-section-height-default\" data-id=\"66c4423\" data-element_type=\"section\" data-settings=\"{&quot;background_background&quot;:&quot;classic&quot;,&quot;jet_parallax_layout_list&quot;:[]}\">\n\t\t\t\t\t\t\t<div class=\"elementor-background-overlay\"><\/div>\n\t\t\t\t\t\t\t<div class=\"elementor-container elementor-column-gap-no\">\n\t\t\t\t\t<div class=\"elementor-column elementor-col-100 elementor-top-column elementor-element elementor-element-70e5462\" data-id=\"70e5462\" data-element_type=\"column\">\n\t\t\t<div class=\"elementor-widget-wrap elementor-element-populated\">\n\t\t\t\t\t\t\t\t<div class=\"elementor-element elementor-element-8b10748 elementor-widget elementor-widget-heading\" data-id=\"8b10748\" data-element_type=\"widget\" data-widget_type=\"heading.default\">\n\t\t\t\t<div class=\"elementor-widget-container\">\n\t\t\t<style>\/*! elementor - v3.13.3 - 22-05-2023 *\/\n.elementor-heading-title{padding:0;margin:0;line-height:1}.elementor-widget-heading .elementor-heading-title[class*=elementor-size-]>a{color:inherit;font-size:inherit;line-height:inherit}.elementor-widget-heading .elementor-heading-title.elementor-size-small{font-size:15px}.elementor-widget-heading .elementor-heading-title.elementor-size-medium{font-size:19px}.elementor-widget-heading .elementor-heading-title.elementor-size-large{font-size:29px}.elementor-widget-heading .elementor-heading-title.elementor-size-xl{font-size:39px}.elementor-widget-heading .elementor-heading-title.elementor-size-xxl{font-size:59px}<\/style><h1 class=\"elementor-heading-title elementor-size-default\">Vermietung f\u00fcr kleinere Veranstaltungenungen, bzw. Aktivit\u00e4ten<\/h1>\t\t<\/div>\n\t\t\t\t<\/div>\n\t\t\t\t\t<\/div>\n\t\t<\/div>\n\t\t\t\t\t\t\t<\/div>\n\t\t<\/section>\n\t\t\t\t<section class=\"elementor-section elementor-top-section elementor-element elementor-element-e78842f elementor-section-boxed elementor-section-height-default elementor-section-height-default\" data-id=\"e78842f\" data-element_type=\"section\" data-settings=\"{&quot;jet_parallax_layout_list&quot;:[]}\">\n\t\t\t\t\t\t<div class=\"elementor-container elementor-column-gap-default\">\n\t\t\t\t\t<div class=\"elementor-column elementor-col-100 elementor-top-column elementor-element elementor-element-e792e15\" data-id=\"e792e15\" data-element_type=\"column\">\n\t\t\t<div class=\"elementor-widget-wrap elementor-element-populated\">\n\t\t\t\t\t\t\t\t<div class=\"elementor-element elementor-element-c8f4730 elementor-widget elementor-widget-text-editor\" data-id=\"c8f4730\" data-element_type=\"widget\" data-widget_type=\"text-editor.default\">\n\t\t\t\t<div class=\"elementor-widget-container\">\n\t\t\t<style>\/*! elementor - v3.13.3 - 22-05-2023 *\/\n.elementor-widget-text-editor.elementor-drop-cap-view-stacked .elementor-drop-cap{background-color:#69727d;color:#fff}.elementor-widget-text-editor.elementor-drop-cap-view-framed .elementor-drop-cap{color:#69727d;border:3px solid;background-color:transparent}.elementor-widget-text-editor:not(.elementor-drop-cap-view-default) .elementor-drop-cap{margin-top:8px}.elementor-widget-text-editor:not(.elementor-drop-cap-view-default) .elementor-drop-cap-letter{width:1em;height:1em}.elementor-widget-text-editor .elementor-drop-cap{float:left;text-align:center;line-height:1;font-size:50px}.elementor-widget-text-editor .elementor-drop-cap-letter{display:inline-block}<\/style>\t\t\t\t<p><\/p>\n<p><span style=\"font-style: inherit; background-color: var(--ast-global-color-4);\">Die gro\u00dfz\u00fcgige Rasenfl\u00e4che und die zahlreichen Einrichtungen auf dem Gel\u00e4nde bieten viele M\u00f6glichkeiten f\u00fcr die&nbsp;<\/span><span style=\"font-style: inherit; background-color: var(--ast-global-color-4);\">Organisation&nbsp;<br><\/span><span style=\"font-style: inherit; background-color: var(--ast-global-color-4);\">verschiedener sportlicher und anderer Veranstaltertaltungen oder aktivit\u00e4ten(aber nur bei Reservierung einer Unterkunft), wie  z.b.<\/span><\/p>\n<p>- Yoga-Kurse<br>- Meditation<br>- Pilates<br>- Klangb\u00e4der (Gongs)<br>- Teambuilding<br>- etc.<\/p>\n<p>Alle Veranstaltertaltungen, bzw. Aktivit\u00e4ten finden im Freien statt. Zur Verf\u00fcgung steht auch ein Gemeinschaftsbank mit \u00fcberdachter Terasse.<\/p>\t\t\t\t\t\t<\/div>\n\t\t\t\t<\/div>\n\t\t\t\t<div class=\"elementor-element elementor-element-6e84c39 elementor-arrows-position-inside elementor-pagination-position-outside elementor-widget elementor-widget-image-carousel\" data-id=\"6e84c39\" data-element_type=\"widget\" data-settings=\"{&quot;slides_to_show_mobile&quot;:&quot;1&quot;,&quot;navigation&quot;:&quot;both&quot;,&quot;autoplay&quot;:&quot;yes&quot;,&quot;pause_on_hover&quot;:&quot;yes&quot;,&quot;pause_on_interaction&quot;:&quot;yes&quot;,&quot;autoplay_speed&quot;:5000,&quot;infinite&quot;:&quot;yes&quot;,&quot;speed&quot;:500}\" data-widget_type=\"image-carousel.default\">\n\t\t\t\t<div class=\"elementor-widget-container\">\n\t\t\t<style>\/*! elementor - v3.13.3 - 22-05-2023 *\/\n.elementor-widget-image-carousel .swiper,.elementor-widget-image-carousel .swiper-container{position:static}.elementor-widget-image-carousel .swiper-container .swiper-slide figure,.elementor-widget-image-carousel .swiper .swiper-slide figure{line-height:inherit}.elementor-widget-image-carousel .swiper-slide{text-align:center}.elementor-image-carousel-wrapper:not(.swiper-container-initialized):not(.swiper-initialized) .swiper-slide{max-width:calc(100% \/ var(--e-image-carousel-slides-to-show, 3))}<\/style>\t\t<div class=\"elementor-image-carousel-wrapper swiper-container\" dir=\"ltr\">\n\t\t\t<div class=\"elementor-image-carousel swiper-wrapper\">\n\t\t\t\t\t\t\t\t<div class=\"swiper-slide\"><figure class=\"swiper-slide-inner\"><img decoding=\"async\" class=\"swiper-slide-image\" src=\"https:\/\/glampingstariha.com\/wp-content\/uploads\/2023\/02\/288443282_111338784942636_6883099372927153118_n-1-300x225.jpg\" alt=\"288443282_111338784942636_6883099372927153118_n\" \/><\/figure><\/div><div class=\"swiper-slide\"><figure class=\"swiper-slide-inner\"><img decoding=\"async\" class=\"swiper-slide-image\" src=\"https:\/\/glampingstariha.com\/wp-content\/uploads\/2023\/02\/20220524_142843-300x225.jpg\" alt=\"20220524_142843\" \/><\/figure><\/div><div class=\"swiper-slide\"><figure class=\"swiper-slide-inner\"><img decoding=\"async\" class=\"swiper-slide-image\" src=\"https:\/\/glampingstariha.com\/wp-content\/uploads\/2023\/02\/IMG-c6f66552b99247d473767af5786e98dd-V-300x225.jpg\" alt=\"IMG-c6f66552b99247d473767af5786e98dd-V\" \/><\/figure><\/div><div class=\"swiper-slide\"><figure class=\"swiper-slide-inner\"><img decoding=\"async\" class=\"swiper-slide-image\" src=\"https:\/\/glampingstariha.com\/wp-content\/uploads\/2023\/02\/foto-0054-4788-300x200.jpg\" alt=\"foto-0054-4788\" \/><\/figure><\/div>\t\t\t<\/div>\n\t\t\t\t\t\t\t\t\t\t\t\t<div class=\"swiper-pagination\"><\/div>\n\t\t\t\t\t\t\t\t\t\t\t\t\t<div class=\"elementor-swiper-button elementor-swiper-button-prev\" role=\"button\" tabindex=\"0\">\n\t\t\t\t\t\t<i aria-hidden=\"true\" class=\"eicon-chevron-left\"><\/i>\t\t\t\t\t\t<span class=\"elementor-screen-only\">Previous image<\/span>\n\t\t\t\t\t<\/div>\n\t\t\t\t\t<div class=\"elementor-swiper-button elementor-swiper-button-next\" role=\"button\" tabindex=\"0\">\n\t\t\t\t\t\t<i aria-hidden=\"true\" class=\"eicon-chevron-right\"><\/i>\t\t\t\t\t\t<span class=\"elementor-screen-only\">Next image<\/span>\n\t\t\t\t\t<\/div>\n\t\t\t\t\t\t\t\t\t<\/div>\n\t\t\t\t<\/div>\n\t\t\t\t<\/div>\n\t\t\t\t\t<\/div>\n\t\t<\/div>\n\t\t\t\t\t\t\t<\/div>\n\t\t<\/section>\n\t\t\t\t<section class=\"elementor-section elementor-top-section elementor-element elementor-element-2de3899 elementor-section-boxed elementor-section-height-default elementor-section-height-default\" data-id=\"2de3899\" data-element_type=\"section\" data-settings=\"{&quot;jet_parallax_layout_list&quot;:[]}\">\n\t\t\t\t\t\t<div class=\"elementor-container elementor-column-gap-default\">\n\t\t\t\t\t<div class=\"elementor-column elementor-col-50 elementor-top-column elementor-element elementor-element-90c8f2a\" data-id=\"90c8f2a\" data-element_type=\"column\">\n\t\t\t<div class=\"elementor-widget-wrap elementor-element-populated\">\n\t\t\t\t\t\t\t\t<div class=\"elementor-element elementor-element-b84c2a3 elementor-widget elementor-widget-text-editor\" data-id=\"b84c2a3\" data-element_type=\"widget\" data-widget_type=\"text-editor.default\">\n\t\t\t\t<div class=\"elementor-widget-container\">\n\t\t\t\t\t\t\t<p><strong>Im Preis inbegriffen:<\/strong><\/p><p>- Benutzung der Rasenfl\u00e4che<br \/>- Gemeinschaftsraum mit \u00fcberdachter Terrasse<br \/>- Benutzung der Sommertoilette und des Badezimmers<br \/>- Benutzung der Solardusche<br \/>- Benutzung der Sommerk\u00fcche und der K\u00fchlschr\u00e4nke<br \/>- Benutzung des Grills und des Holzofens<br \/>- Benutzung des Pools<br \/>- Endreinigung des Zimmers<br \/>- W-LAN<br \/>- kostenloser Parkplatz<\/p><p><strong>PREIS: individuell nach Vereinbarung<\/strong><\/p>\t\t\t\t\t\t<\/div>\n\t\t\t\t<\/div>\n\t\t\t\t<div class=\"elementor-element elementor-element-70a88f3 elementor-mobile-align-center elementor-widget elementor-widget-button\" data-id=\"70a88f3\" data-element_type=\"widget\" data-widget_type=\"button.default\">\n\t\t\t\t<div class=\"elementor-widget-container\">\n\t\t\t\t\t<div class=\"elementor-button-wrapper\">\n\t\t\t<a href=\"https:\/\/glampingstariha.com\/de\/kontakt\/\" class=\"elementor-button-link elementor-button elementor-size-sm\" role=\"button\">\n\t\t\t\t\t\t<span class=\"elementor-button-content-wrapper\">\n\t\t\t\t\t\t<span class=\"elementor-button-text\">Kontaktieren Sie uns<\/span>\n\t\t<\/span>\n\t\t\t\t\t<\/a>\n\t\t<\/div>\n\t\t\t\t<\/div>\n\t\t\t\t<\/div>\n\t\t\t\t\t<\/div>\n\t\t<\/div>\n\t\t\t\t<div class=\"elementor-column elementor-col-50 elementor-top-column elementor-element elementor-element-18075b5\" data-id=\"18075b5\" data-element_type=\"column\">\n\t\t\t<div class=\"elementor-widget-wrap elementor-element-populated\">\n\t\t\t\t\t\t\t\t<div class=\"elementor-element elementor-element-49b39e4 elementor-widget elementor-widget-image\" data-id=\"49b39e4\" data-element_type=\"widget\" data-widget_type=\"image.default\">\n\t\t\t\t<div class=\"elementor-widget-container\">\n\t\t\t<style>\/*! elementor - v3.13.3 - 22-05-2023 *\/\n.elementor-widget-image{text-align:center}.elementor-widget-image a{display:inline-block}.elementor-widget-image a img[src$=\".svg\"]{width:48px}.elementor-widget-image img{vertical-align:middle;display:inline-block}<\/style>\t\t\t\t\t\t\t\t\t\t\t\t<img loading=\"lazy\" decoding=\"async\" width=\"800\" height=\"450\" src=\"https:\/\/glampingstariha.com\/wp-content\/uploads\/2024\/10\/17.jpg\" class=\"attachment-large size-large wp-image-1967\" alt=\"\" srcset=\"https:\/\/glampingstariha.com\/wp-content\/uploads\/2024\/10\/17.jpg 800w, https:\/\/glampingstariha.com\/wp-content\/uploads\/2024\/10\/17-300x169.jpg 300w, https:\/\/glampingstariha.com\/wp-content\/uploads\/2024\/10\/17-768x432.jpg 768w, https:\/\/glampingstariha.com\/wp-content\/uploads\/2024\/10\/17-18x10.jpg 18w\" sizes=\"auto, (max-width: 800px) 100vw, 800px\" \/>\t\t\t\t\t\t\t\t\t\t\t\t\t\t\t<\/div>\n\t\t\t\t<\/div>\n\t\t\t\t\t<\/div>\n\t\t<\/div>\n\t\t\t\t\t\t\t<\/div>\n\t\t<\/section>\n\t\t\t\t\t\t\t<\/div>","protected":false},"excerpt":{"rendered":"<p>Uporaba prostora Prostorna zelenica in \u0161tevilni objekti na posestvu nudijo veliko prilo\u017enosti za&nbsp;organizacijo&nbsp;razli\u010dnih \u0161portnih in drugih dogodkov(vendar le ob najemu oz rezervaciji preno\u010ditve), npr.: &#8211; joga&#8211; meditacija&#8211; pilates&#8211; zvo\u010dna kopel (gongi)&#8211; team building&#8211; ipd. Vsi dogodki potekajo na prostem, na voljo pa sta tudi prostor za dru\u017eenje (lesena hi\u0161ka) in&nbsp;pokrita terasa pred njo. Previous image &hellip;<\/p>\n<p class=\"read-more\"> <a class=\"\" href=\"https:\/\/glampingstariha.com\/de\/uporaba-prostora\/\"> <span class=\"screen-reader-text\">Vermietung f\u00fcr kleinere Veranstaltungenungen, bzw. Aktivit\u00e4ten<\/span> Weiterlesen &raquo;<\/a><\/p>","protected":false},"author":1,"featured_media":0,"parent":0,"menu_order":0,"comment_status":"closed","ping_status":"closed","template":"","meta":{"site-sidebar-layout":"no-sidebar","site-content-layout":"page-builder","ast-global-header-display":"","ast-main-header-display":"","ast-hfb-above-header-display":"","ast-hfb-below-header-display":"","ast-hfb-mobile-header-display":"","site-post-title":"disabled","ast-breadcrumbs-content":"disabled","ast-featured-img":"disabled","footer-sml-layout":"","theme-transparent-header-meta":"enabled","adv-header-id-meta":"","stick-header-meta":"","header-above-stick-meta":"","header-main-stick-meta":"","header-below-stick-meta":"","footnotes":""},"class_list":["post-1429","page","type-page","status-publish","hentry"],"yoast_head":"<!-- This site is optimized with the Yoast SEO plugin v20.8 - https:\/\/yoast.com\/wordpress\/plugins\/seo\/ -->\n<title>Uporaba prostora - Glamping Stariha<\/title>\n<meta name=\"robots\" content=\"index, follow, max-snippet:-1, max-image-preview:large, max-video-preview:-1\" \/>\n<link rel=\"canonical\" href=\"https:\/\/glampingstariha.com\/de\/uporaba-prostora\/\" \/>\n<meta property=\"og:locale\" content=\"de_DE\" \/>\n<meta property=\"og:type\" content=\"article\" \/>\n<meta property=\"og:title\" content=\"Uporaba prostora - Glamping Stariha\" \/>\n<meta property=\"og:description\" content=\"Uporaba prostora Prostorna zelenica in \u0161tevilni objekti na posestvu nudijo veliko prilo\u017enosti za&nbsp;organizacijo&nbsp;razli\u010dnih \u0161portnih in drugih dogodkov(vendar le ob najemu oz rezervaciji preno\u010ditve), npr.: &#8211; joga&#8211; meditacija&#8211; pilates&#8211; zvo\u010dna kopel (gongi)&#8211; team building&#8211; ipd. Vsi dogodki potekajo na prostem, na voljo pa sta tudi prostor za dru\u017eenje (lesena hi\u0161ka) in&nbsp;pokrita terasa pred njo. Previous image &hellip; Uporaba prostora Weiterlesen &raquo;\" \/>\n<meta property=\"og:url\" content=\"https:\/\/glampingstariha.com\/de\/uporaba-prostora\/\" \/>\n<meta property=\"og:site_name\" content=\"Glamping Stariha\" \/>\n<meta property=\"article:modified_time\" content=\"2024-10-12T07:37:24+00:00\" \/>\n<meta property=\"og:image\" content=\"https:\/\/glampingstariha.com\/wp-content\/uploads\/2023\/02\/288443282_111338784942636_6883099372927153118_n-1-300x225.jpg\" \/>\n<meta name=\"twitter:card\" content=\"summary_large_image\" \/>\n<meta name=\"twitter:label1\" content=\"Gesch\u00e4tzte Lesezeit\" \/>\n\t<meta name=\"twitter:data1\" content=\"3\u00a0Minuten\" \/>\n<script type=\"application\/ld+json\" class=\"yoast-schema-graph\">{\"@context\":\"https:\/\/schema.org\",\"@graph\":[{\"@type\":\"WebPage\",\"@id\":\"https:\/\/glampingstariha.com\/uporaba-prostora\/\",\"url\":\"https:\/\/glampingstariha.com\/uporaba-prostora\/\",\"name\":\"Uporaba prostora - Glamping Stariha\",\"isPartOf\":{\"@id\":\"https:\/\/glampingstariha.com\/#website\"},\"datePublished\":\"2023-03-14T17:50:03+00:00\",\"dateModified\":\"2024-10-12T07:37:24+00:00\",\"breadcrumb\":{\"@id\":\"https:\/\/glampingstariha.com\/uporaba-prostora\/#breadcrumb\"},\"inLanguage\":\"de\",\"potentialAction\":[{\"@type\":\"ReadAction\",\"target\":[\"https:\/\/glampingstariha.com\/uporaba-prostora\/\"]}]},{\"@type\":\"BreadcrumbList\",\"@id\":\"https:\/\/glampingstariha.com\/uporaba-prostora\/#breadcrumb\",\"itemListElement\":[{\"@type\":\"ListItem\",\"position\":1,\"name\":\"Home\",\"item\":\"https:\/\/glampingstariha.com\/\"},{\"@type\":\"ListItem\",\"position\":2,\"name\":\"Uporaba prostora\"}]},{\"@type\":\"WebSite\",\"@id\":\"https:\/\/glampingstariha.com\/#website\",\"url\":\"https:\/\/glampingstariha.com\/\",\"name\":\"Glamping Stariha\",\"description\":\"Glamping na pode\u017eelju\",\"publisher\":{\"@id\":\"https:\/\/glampingstariha.com\/#organization\"},\"potentialAction\":[{\"@type\":\"SearchAction\",\"target\":{\"@type\":\"EntryPoint\",\"urlTemplate\":\"https:\/\/glampingstariha.com\/?s={search_term_string}\"},\"query-input\":\"required name=search_term_string\"}],\"inLanguage\":\"de\"},{\"@type\":\"Organization\",\"@id\":\"https:\/\/glampingstariha.com\/#organization\",\"name\":\"Glamping Stariha\",\"url\":\"https:\/\/glampingstariha.com\/\",\"logo\":{\"@type\":\"ImageObject\",\"inLanguage\":\"de\",\"@id\":\"https:\/\/glampingstariha.com\/#\/schema\/logo\/image\/\",\"url\":\"https:\/\/glampingstariha.com\/wp-content\/uploads\/2023\/03\/glamping-logo.png\",\"contentUrl\":\"https:\/\/glampingstariha.com\/wp-content\/uploads\/2023\/03\/glamping-logo.png\",\"width\":5186,\"height\":2519,\"caption\":\"Glamping Stariha\"},\"image\":{\"@id\":\"https:\/\/glampingstariha.com\/#\/schema\/logo\/image\/\"}}]}<\/script>\n<!-- \/ Yoast SEO plugin. -->","yoast_head_json":{"title":"Uporaba prostora - Glamping Stariha","robots":{"index":"index","follow":"follow","max-snippet":"max-snippet:-1","max-image-preview":"max-image-preview:large","max-video-preview":"max-video-preview:-1"},"canonical":"https:\/\/glampingstariha.com\/de\/uporaba-prostora\/","og_locale":"de_DE","og_type":"article","og_title":"Uporaba prostora - Glamping Stariha","og_description":"Uporaba prostora Prostorna zelenica in \u0161tevilni objekti na posestvu nudijo veliko prilo\u017enosti za&nbsp;organizacijo&nbsp;razli\u010dnih \u0161portnih in drugih dogodkov(vendar le ob najemu oz rezervaciji preno\u010ditve), npr.: &#8211; joga&#8211; meditacija&#8211; pilates&#8211; zvo\u010dna kopel (gongi)&#8211; team building&#8211; ipd. Vsi dogodki potekajo na prostem, na voljo pa sta tudi prostor za dru\u017eenje (lesena hi\u0161ka) in&nbsp;pokrita terasa pred njo. Previous image &hellip; Uporaba prostora Weiterlesen &raquo;","og_url":"https:\/\/glampingstariha.com\/de\/uporaba-prostora\/","og_site_name":"Glamping Stariha","article_modified_time":"2024-10-12T07:37:24+00:00","og_image":[{"url":"https:\/\/glampingstariha.com\/wp-content\/uploads\/2023\/02\/288443282_111338784942636_6883099372927153118_n-1-300x225.jpg"}],"twitter_card":"summary_large_image","twitter_misc":{"Gesch\u00e4tzte Lesezeit":"3\u00a0Minuten"},"schema":{"@context":"https:\/\/schema.org","@graph":[{"@type":"WebPage","@id":"https:\/\/glampingstariha.com\/uporaba-prostora\/","url":"https:\/\/glampingstariha.com\/uporaba-prostora\/","name":"Uporaba prostora - Glamping Stariha","isPartOf":{"@id":"https:\/\/glampingstariha.com\/#website"},"datePublished":"2023-03-14T17:50:03+00:00","dateModified":"2024-10-12T07:37:24+00:00","breadcrumb":{"@id":"https:\/\/glampingstariha.com\/uporaba-prostora\/#breadcrumb"},"inLanguage":"de","potentialAction":[{"@type":"ReadAction","target":["https:\/\/glampingstariha.com\/uporaba-prostora\/"]}]},{"@type":"BreadcrumbList","@id":"https:\/\/glampingstariha.com\/uporaba-prostora\/#breadcrumb","itemListElement":[{"@type":"ListItem","position":1,"name":"Home","item":"https:\/\/glampingstariha.com\/"},{"@type":"ListItem","position":2,"name":"Uporaba prostora"}]},{"@type":"WebSite","@id":"https:\/\/glampingstariha.com\/#website","url":"https:\/\/glampingstariha.com\/","name":"Glamping Stariha","description":"Glamping na pode\u017eelju","publisher":{"@id":"https:\/\/glampingstariha.com\/#organization"},"potentialAction":[{"@type":"SearchAction","target":{"@type":"EntryPoint","urlTemplate":"https:\/\/glampingstariha.com\/?s={search_term_string}"},"query-input":"required name=search_term_string"}],"inLanguage":"de"},{"@type":"Organization","@id":"https:\/\/glampingstariha.com\/#organization","name":"Glamping Stariha","url":"https:\/\/glampingstariha.com\/","logo":{"@type":"ImageObject","inLanguage":"de","@id":"https:\/\/glampingstariha.com\/#\/schema\/logo\/image\/","url":"https:\/\/glampingstariha.com\/wp-content\/uploads\/2023\/03\/glamping-logo.png","contentUrl":"https:\/\/glampingstariha.com\/wp-content\/uploads\/2023\/03\/glamping-logo.png","width":5186,"height":2519,"caption":"Glamping Stariha"},"image":{"@id":"https:\/\/glampingstariha.com\/#\/schema\/logo\/image\/"}}]}},"_links":{"self":[{"href":"https:\/\/glampingstariha.com\/de\/wp-json\/wp\/v2\/pages\/1429","targetHints":{"allow":["GET"]}}],"collection":[{"href":"https:\/\/glampingstariha.com\/de\/wp-json\/wp\/v2\/pages"}],"about":[{"href":"https:\/\/glampingstariha.com\/de\/wp-json\/wp\/v2\/types\/page"}],"author":[{"embeddable":true,"href":"https:\/\/glampingstariha.com\/de\/wp-json\/wp\/v2\/users\/1"}],"replies":[{"embeddable":true,"href":"https:\/\/glampingstariha.com\/de\/wp-json\/wp\/v2\/comments?post=1429"}],"version-history":[{"count":68,"href":"https:\/\/glampingstariha.com\/de\/wp-json\/wp\/v2\/pages\/1429\/revisions"}],"predecessor-version":[{"id":1970,"href":"https:\/\/glampingstariha.com\/de\/wp-json\/wp\/v2\/pages\/1429\/revisions\/1970"}],"wp:attachment":[{"href":"https:\/\/glampingstariha.com\/de\/wp-json\/wp\/v2\/media?parent=1429"}],"curies":[{"name":"wp","href":"https:\/\/api.w.org\/{rel}","templated":true}]}}