{"id":1493,"date":"2023-03-15T19:28:47","date_gmt":"2023-03-15T19:28:47","guid":{"rendered":"https:\/\/glampingstariha.com\/?page_id=1493"},"modified":"2024-10-12T07:38:08","modified_gmt":"2024-10-12T07:38:08","slug":"lokacija","status":"publish","type":"page","link":"https:\/\/glampingstariha.com\/de\/lokacija\/","title":{"rendered":"Standort"},"content":{"rendered":"<div data-elementor-type=\"wp-page\" data-elementor-id=\"1493\" class=\"elementor elementor-1493\">\n\t\t\t\t\t\t\t\t\t<section class=\"elementor-section elementor-top-section elementor-element elementor-element-66c4423 elementor-section-boxed elementor-section-height-default elementor-section-height-default\" data-id=\"66c4423\" data-element_type=\"section\" data-settings=\"{&quot;background_background&quot;:&quot;classic&quot;,&quot;jet_parallax_layout_list&quot;:[]}\">\n\t\t\t\t\t\t\t<div class=\"elementor-background-overlay\"><\/div>\n\t\t\t\t\t\t\t<div class=\"elementor-container elementor-column-gap-no\">\n\t\t\t\t\t<div class=\"elementor-column elementor-col-50 elementor-top-column elementor-element elementor-element-70e5462\" data-id=\"70e5462\" data-element_type=\"column\">\n\t\t\t<div class=\"elementor-widget-wrap elementor-element-populated\">\n\t\t\t\t\t\t\t\t<div class=\"elementor-element elementor-element-d520858 elementor-widget elementor-widget-heading\" data-id=\"d520858\" data-element_type=\"widget\" data-widget_type=\"heading.default\">\n\t\t\t\t<div class=\"elementor-widget-container\">\n\t\t\t<style>\/*! elementor - v3.13.3 - 22-05-2023 *\/\n.elementor-heading-title{padding:0;margin:0;line-height:1}.elementor-widget-heading .elementor-heading-title[class*=elementor-size-]>a{color:inherit;font-size:inherit;line-height:inherit}.elementor-widget-heading .elementor-heading-title.elementor-size-small{font-size:15px}.elementor-widget-heading .elementor-heading-title.elementor-size-medium{font-size:19px}.elementor-widget-heading .elementor-heading-title.elementor-size-large{font-size:29px}.elementor-widget-heading .elementor-heading-title.elementor-size-xl{font-size:39px}.elementor-widget-heading .elementor-heading-title.elementor-size-xxl{font-size:59px}<\/style><h1 class=\"elementor-heading-title elementor-size-default\"><div><br><\/div><span style=\"font-size: 42px; white-space: normal;\">Wo sind wir?<\/span><\/h1>\t\t<\/div>\n\t\t\t\t<\/div>\n\t\t\t\t\t<\/div>\n\t\t<\/div>\n\t\t\t\t<div class=\"elementor-column elementor-col-50 elementor-top-column elementor-element elementor-element-d1a236e\" data-id=\"d1a236e\" data-element_type=\"column\">\n\t\t\t<div class=\"elementor-widget-wrap\">\n\t\t\t\t\t\t\t\t\t<\/div>\n\t\t<\/div>\n\t\t\t\t\t\t\t<\/div>\n\t\t<\/section>\n\t\t\t\t<section class=\"elementor-section elementor-top-section elementor-element elementor-element-6019a10 elementor-section-boxed elementor-section-height-default elementor-section-height-default\" data-id=\"6019a10\" data-element_type=\"section\" data-settings=\"{&quot;jet_parallax_layout_list&quot;:[]}\">\n\t\t\t\t\t\t<div class=\"elementor-container elementor-column-gap-default\">\n\t\t\t\t\t<div class=\"elementor-column elementor-col-50 elementor-top-column elementor-element elementor-element-afb9ea8\" data-id=\"afb9ea8\" data-element_type=\"column\">\n\t\t\t<div class=\"elementor-widget-wrap elementor-element-populated\">\n\t\t\t\t\t\t\t\t<div class=\"elementor-element elementor-element-f545b87 elementor-widget elementor-widget-text-editor\" data-id=\"f545b87\" data-element_type=\"widget\" data-widget_type=\"text-editor.default\">\n\t\t\t\t<div class=\"elementor-widget-container\">\n\t\t\t<style>\/*! elementor - v3.13.3 - 22-05-2023 *\/\n.elementor-widget-text-editor.elementor-drop-cap-view-stacked .elementor-drop-cap{background-color:#69727d;color:#fff}.elementor-widget-text-editor.elementor-drop-cap-view-framed .elementor-drop-cap{color:#69727d;border:3px solid;background-color:transparent}.elementor-widget-text-editor:not(.elementor-drop-cap-view-default) .elementor-drop-cap{margin-top:8px}.elementor-widget-text-editor:not(.elementor-drop-cap-view-default) .elementor-drop-cap-letter{width:1em;height:1em}.elementor-widget-text-editor .elementor-drop-cap{float:left;text-align:center;line-height:1;font-size:50px}.elementor-widget-text-editor .elementor-drop-cap-letter{display:inline-block}<\/style>\t\t\t\t<p>Der Glampingplatz erstreckt sich \u00fcber 5300 m2 in dem kleinen Dorf Lutverci in Pomurje. Er\nist nur 3 Kilometer von Gornja Radgona entfernt und etwas weniger vom Fluss Mur und so\nauch zur \u00f6sterreichischen Grenze. <br \/><br \/>Es ist ein ausgezeichneter Ausgangspunkt, um Pomurje oder das benachbarte \u00d6sterreich zu erkunden. Nicht weit entfernt befindet sich auch der Radweg Murska kolesarska pot (rechtes Flussufer): Trate - Zgornje Konji\u0161\u010de - \u010crnci - Apace - Segovci - Lutverci - Podgrad - Gornja Radgona - Mele - \u0160ratovci - Radenci - Turjanci - Hrastje Mota - Vu\u010dja vas - Stara Nova vas - Ver\u017eej - Banovci - Krapje - Cven - Mota - Razkri\u017eje - \u0160afarsko - Gibina. Der Radweg f\u00fchrt durch W\u00e4lder, Maisfelder, Weizenfelder und Wiesen. Er geh\u00f6rt zu den leichten Radrouten, ist 125 km lang und \u00fcberwindet 138 H\u00f6henmeter. Unterwegs k\u00f6nnen Sie sich kulinarisch verw\u00f6hnen lassen, sich in den Thermalquellen entspannen und viele andere interessante\nDinge sehen.<br \/>.<\/p>\t\t\t\t\t\t<\/div>\n\t\t\t\t<\/div>\n\t\t\t\t\t<\/div>\n\t\t<\/div>\n\t\t\t\t<div class=\"elementor-column elementor-col-50 elementor-top-column elementor-element elementor-element-bb3247c\" data-id=\"bb3247c\" data-element_type=\"column\">\n\t\t\t<div class=\"elementor-widget-wrap elementor-element-populated\">\n\t\t\t\t\t\t\t\t<div class=\"elementor-element elementor-element-345454f elementor-widget elementor-widget-image\" data-id=\"345454f\" data-element_type=\"widget\" data-widget_type=\"image.default\">\n\t\t\t\t<div class=\"elementor-widget-container\">\n\t\t\t<style>\/*! elementor - v3.13.3 - 22-05-2023 *\/\n.elementor-widget-image{text-align:center}.elementor-widget-image a{display:inline-block}.elementor-widget-image a img[src$=\".svg\"]{width:48px}.elementor-widget-image img{vertical-align:middle;display:inline-block}<\/style>\t\t\t\t\t\t\t\t\t\t\t\t<img loading=\"lazy\" decoding=\"async\" width=\"800\" height=\"450\" src=\"https:\/\/glampingstariha.com\/wp-content\/uploads\/2024\/10\/18.jpg\" class=\"attachment-large size-large wp-image-1971\" alt=\"\" srcset=\"https:\/\/glampingstariha.com\/wp-content\/uploads\/2024\/10\/18.jpg 800w, https:\/\/glampingstariha.com\/wp-content\/uploads\/2024\/10\/18-300x169.jpg 300w, https:\/\/glampingstariha.com\/wp-content\/uploads\/2024\/10\/18-768x432.jpg 768w, https:\/\/glampingstariha.com\/wp-content\/uploads\/2024\/10\/18-18x10.jpg 18w\" sizes=\"auto, (max-width: 800px) 100vw, 800px\" \/>\t\t\t\t\t\t\t\t\t\t\t\t\t\t\t<\/div>\n\t\t\t\t<\/div>\n\t\t\t\t\t<\/div>\n\t\t<\/div>\n\t\t\t\t\t\t\t<\/div>\n\t\t<\/section>\n\t\t\t\t<section class=\"elementor-section elementor-top-section elementor-element elementor-element-8e1a102 elementor-section-boxed elementor-section-height-default elementor-section-height-default\" data-id=\"8e1a102\" data-element_type=\"section\" data-settings=\"{&quot;jet_parallax_layout_list&quot;:[]}\">\n\t\t\t\t\t\t<div class=\"elementor-container elementor-column-gap-default\">\n\t\t\t\t\t<div class=\"elementor-column elementor-col-100 elementor-top-column elementor-element elementor-element-c0f59bc\" data-id=\"c0f59bc\" data-element_type=\"column\">\n\t\t\t<div class=\"elementor-widget-wrap elementor-element-populated\">\n\t\t\t\t\t\t\t\t<div class=\"elementor-element elementor-element-7f02e66 elementor-widget elementor-widget-heading\" data-id=\"7f02e66\" data-element_type=\"widget\" data-widget_type=\"heading.default\">\n\t\t\t\t<div class=\"elementor-widget-container\">\n\t\t\t<h4 class=\"elementor-heading-title elementor-size-default\">Messe- und Schaumweinstadt<\/h4>\t\t<\/div>\n\t\t\t\t<\/div>\n\t\t\t\t<div class=\"elementor-element elementor-element-945a365 elementor-widget elementor-widget-text-editor\" data-id=\"945a365\" data-element_type=\"widget\" data-widget_type=\"text-editor.default\">\n\t\t\t\t<div class=\"elementor-widget-container\">\n\t\t\t\t\t\t\t<p>Gornja Radgona ist die Stadt der Messen und des Schaumweines, hat ein reiches kulturelles<br>Angebot und die nat\u00fcrliche Umgebung bietet viele sportliche Aktivit\u00e4ten. Sie k\u00f6nnen dem<br>Apolonija- Pfad folgen und in Restaurants und Weinkellern lokale K\u00f6stlichkeiten und<br>Boutique-Weine probieren. In der weiteren Umgebung des Glampingplatzes k\u00f6nnen Sie\nauch die Schl\u00f6sser von Pomurje besuchen.<\/p>\t\t\t\t\t\t<\/div>\n\t\t\t\t<\/div>\n\t\t\t\t\t<\/div>\n\t\t<\/div>\n\t\t\t\t\t\t\t<\/div>\n\t\t<\/section>\n\t\t\t\t<section class=\"elementor-section elementor-top-section elementor-element elementor-element-43a484a elementor-section-boxed elementor-section-height-default elementor-section-height-default\" data-id=\"43a484a\" data-element_type=\"section\" data-settings=\"{&quot;jet_parallax_layout_list&quot;:[]}\">\n\t\t\t\t\t\t<div class=\"elementor-container elementor-column-gap-default\">\n\t\t\t\t\t<div class=\"elementor-column elementor-col-100 elementor-top-column elementor-element elementor-element-b77244e\" data-id=\"b77244e\" data-element_type=\"column\">\n\t\t\t<div class=\"elementor-widget-wrap elementor-element-populated\">\n\t\t\t\t\t\t\t\t<div class=\"elementor-element elementor-element-1c2a6bd elementor-widget elementor-widget-google_maps\" data-id=\"1c2a6bd\" data-element_type=\"widget\" data-widget_type=\"google_maps.default\">\n\t\t\t\t<div class=\"elementor-widget-container\">\n\t\t\t<style>\/*! elementor - v3.13.3 - 22-05-2023 *\/\n.elementor-widget-google_maps .elementor-widget-container{overflow:hidden}.elementor-widget-google_maps .elementor-custom-embed{line-height:0}.elementor-widget-google_maps iframe{height:300px}<\/style>\t\t<div class=\"elementor-custom-embed\">\n\t\t\t<iframe loading=\"lazy\"\n\t\t\t\t\tsrc=\"https:\/\/maps.google.com\/maps?q=Lutverci%2097%2C%209253%20Apa%C4%8De&#038;t=m&#038;z=12&#038;output=embed&#038;iwloc=near\"\n\t\t\t\t\ttitle=\"Lutverci 97, 9253 Apa\u010de\"\n\t\t\t\t\taria-label=\"Lutverci 97, 9253 Apa\u010de\"\n\t\t\t><\/iframe>\n\t\t<\/div>\n\t\t\t\t<\/div>\n\t\t\t\t<\/div>\n\t\t\t\t\t<\/div>\n\t\t<\/div>\n\t\t\t\t\t\t\t<\/div>\n\t\t<\/section>\n\t\t\t\t\t\t\t<\/div>","protected":false},"excerpt":{"rendered":"<p>Kje se nahajamo? Glamping na pode\u017eelju se razprostira na 5300m2 povr\u0161ine v majhni vasici Lutverci v Pomurju. Je le 3 kilometre oddaljen od Gornje Radgone in nekoliko manj od reke Mure na meji z Avstrijo. Je odli\u010dno izhodi\u0161\u010de za raziskovanje Pomurja ali sosednje Avstrije. Le cesta lo\u010di Glamping na pode\u017eelju od Murske kolesarske poti.\u00a0Kolesarska pot &hellip;<\/p>\n<p class=\"read-more\"> <a class=\"\" href=\"https:\/\/glampingstariha.com\/de\/lokacija\/\"> <span class=\"screen-reader-text\">Standort<\/span> Weiterlesen &raquo;<\/a><\/p>","protected":false},"author":1,"featured_media":0,"parent":0,"menu_order":0,"comment_status":"closed","ping_status":"closed","template":"","meta":{"site-sidebar-layout":"no-sidebar","site-content-layout":"page-builder","ast-global-header-display":"","ast-main-header-display":"","ast-hfb-above-header-display":"","ast-hfb-below-header-display":"","ast-hfb-mobile-header-display":"","site-post-title":"disabled","ast-breadcrumbs-content":"disabled","ast-featured-img":"disabled","footer-sml-layout":"","theme-transparent-header-meta":"enabled","adv-header-id-meta":"","stick-header-meta":"","header-above-stick-meta":"","header-main-stick-meta":"","header-below-stick-meta":"","footnotes":""},"class_list":["post-1493","page","type-page","status-publish","hentry"],"yoast_head":"<!-- This site is optimized with the Yoast SEO plugin v20.8 - https:\/\/yoast.com\/wordpress\/plugins\/seo\/ -->\n<title>Lokacija - Glamping Stariha<\/title>\n<meta name=\"robots\" content=\"index, follow, max-snippet:-1, max-image-preview:large, max-video-preview:-1\" \/>\n<link rel=\"canonical\" href=\"https:\/\/glampingstariha.com\/de\/lokacija\/\" \/>\n<meta property=\"og:locale\" content=\"de_DE\" \/>\n<meta property=\"og:type\" content=\"article\" \/>\n<meta property=\"og:title\" content=\"Lokacija - Glamping Stariha\" \/>\n<meta property=\"og:description\" content=\"Kje se nahajamo? Glamping na pode\u017eelju se razprostira na 5300m2 povr\u0161ine v majhni vasici Lutverci v Pomurju. Je le 3 kilometre oddaljen od Gornje Radgone in nekoliko manj od reke Mure na meji z Avstrijo. Je odli\u010dno izhodi\u0161\u010de za raziskovanje Pomurja ali sosednje Avstrije. Le cesta lo\u010di Glamping na pode\u017eelju od Murske kolesarske poti.\u00a0Kolesarska pot &hellip; Lokacija Weiterlesen &raquo;\" \/>\n<meta property=\"og:url\" content=\"https:\/\/glampingstariha.com\/de\/lokacija\/\" \/>\n<meta property=\"og:site_name\" content=\"Glamping Stariha\" \/>\n<meta property=\"article:modified_time\" content=\"2024-10-12T07:38:08+00:00\" \/>\n<meta property=\"og:image\" content=\"https:\/\/glampingstariha.com\/wp-content\/uploads\/2024\/10\/18.jpg\" \/>\n<meta name=\"twitter:card\" content=\"summary_large_image\" \/>\n<meta name=\"twitter:label1\" content=\"Gesch\u00e4tzte Lesezeit\" \/>\n\t<meta name=\"twitter:data1\" content=\"1\u00a0Minute\" \/>\n<script type=\"application\/ld+json\" class=\"yoast-schema-graph\">{\"@context\":\"https:\/\/schema.org\",\"@graph\":[{\"@type\":\"WebPage\",\"@id\":\"https:\/\/glampingstariha.com\/lokacija\/\",\"url\":\"https:\/\/glampingstariha.com\/lokacija\/\",\"name\":\"Lokacija - Glamping Stariha\",\"isPartOf\":{\"@id\":\"https:\/\/glampingstariha.com\/#website\"},\"datePublished\":\"2023-03-15T19:28:47+00:00\",\"dateModified\":\"2024-10-12T07:38:08+00:00\",\"breadcrumb\":{\"@id\":\"https:\/\/glampingstariha.com\/lokacija\/#breadcrumb\"},\"inLanguage\":\"de\",\"potentialAction\":[{\"@type\":\"ReadAction\",\"target\":[\"https:\/\/glampingstariha.com\/lokacija\/\"]}]},{\"@type\":\"BreadcrumbList\",\"@id\":\"https:\/\/glampingstariha.com\/lokacija\/#breadcrumb\",\"itemListElement\":[{\"@type\":\"ListItem\",\"position\":1,\"name\":\"Home\",\"item\":\"https:\/\/glampingstariha.com\/\"},{\"@type\":\"ListItem\",\"position\":2,\"name\":\"Lokacija\"}]},{\"@type\":\"WebSite\",\"@id\":\"https:\/\/glampingstariha.com\/#website\",\"url\":\"https:\/\/glampingstariha.com\/\",\"name\":\"Glamping Stariha\",\"description\":\"Glamping na pode\u017eelju\",\"publisher\":{\"@id\":\"https:\/\/glampingstariha.com\/#organization\"},\"potentialAction\":[{\"@type\":\"SearchAction\",\"target\":{\"@type\":\"EntryPoint\",\"urlTemplate\":\"https:\/\/glampingstariha.com\/?s={search_term_string}\"},\"query-input\":\"required name=search_term_string\"}],\"inLanguage\":\"de\"},{\"@type\":\"Organization\",\"@id\":\"https:\/\/glampingstariha.com\/#organization\",\"name\":\"Glamping Stariha\",\"url\":\"https:\/\/glampingstariha.com\/\",\"logo\":{\"@type\":\"ImageObject\",\"inLanguage\":\"de\",\"@id\":\"https:\/\/glampingstariha.com\/#\/schema\/logo\/image\/\",\"url\":\"https:\/\/glampingstariha.com\/wp-content\/uploads\/2023\/03\/glamping-logo.png\",\"contentUrl\":\"https:\/\/glampingstariha.com\/wp-content\/uploads\/2023\/03\/glamping-logo.png\",\"width\":5186,\"height\":2519,\"caption\":\"Glamping Stariha\"},\"image\":{\"@id\":\"https:\/\/glampingstariha.com\/#\/schema\/logo\/image\/\"}}]}<\/script>\n<!-- \/ Yoast SEO plugin. -->","yoast_head_json":{"title":"Lokacija - Glamping Stariha","robots":{"index":"index","follow":"follow","max-snippet":"max-snippet:-1","max-image-preview":"max-image-preview:large","max-video-preview":"max-video-preview:-1"},"canonical":"https:\/\/glampingstariha.com\/de\/lokacija\/","og_locale":"de_DE","og_type":"article","og_title":"Lokacija - Glamping Stariha","og_description":"Kje se nahajamo? Glamping na pode\u017eelju se razprostira na 5300m2 povr\u0161ine v majhni vasici Lutverci v Pomurju. Je le 3 kilometre oddaljen od Gornje Radgone in nekoliko manj od reke Mure na meji z Avstrijo. Je odli\u010dno izhodi\u0161\u010de za raziskovanje Pomurja ali sosednje Avstrije. Le cesta lo\u010di Glamping na pode\u017eelju od Murske kolesarske poti.\u00a0Kolesarska pot &hellip; Lokacija Weiterlesen &raquo;","og_url":"https:\/\/glampingstariha.com\/de\/lokacija\/","og_site_name":"Glamping Stariha","article_modified_time":"2024-10-12T07:38:08+00:00","og_image":[{"url":"https:\/\/glampingstariha.com\/wp-content\/uploads\/2024\/10\/18.jpg"}],"twitter_card":"summary_large_image","twitter_misc":{"Gesch\u00e4tzte Lesezeit":"1\u00a0Minute"},"schema":{"@context":"https:\/\/schema.org","@graph":[{"@type":"WebPage","@id":"https:\/\/glampingstariha.com\/lokacija\/","url":"https:\/\/glampingstariha.com\/lokacija\/","name":"Lokacija - Glamping Stariha","isPartOf":{"@id":"https:\/\/glampingstariha.com\/#website"},"datePublished":"2023-03-15T19:28:47+00:00","dateModified":"2024-10-12T07:38:08+00:00","breadcrumb":{"@id":"https:\/\/glampingstariha.com\/lokacija\/#breadcrumb"},"inLanguage":"de","potentialAction":[{"@type":"ReadAction","target":["https:\/\/glampingstariha.com\/lokacija\/"]}]},{"@type":"BreadcrumbList","@id":"https:\/\/glampingstariha.com\/lokacija\/#breadcrumb","itemListElement":[{"@type":"ListItem","position":1,"name":"Home","item":"https:\/\/glampingstariha.com\/"},{"@type":"ListItem","position":2,"name":"Lokacija"}]},{"@type":"WebSite","@id":"https:\/\/glampingstariha.com\/#website","url":"https:\/\/glampingstariha.com\/","name":"Glamping Stariha","description":"Glamping na pode\u017eelju","publisher":{"@id":"https:\/\/glampingstariha.com\/#organization"},"potentialAction":[{"@type":"SearchAction","target":{"@type":"EntryPoint","urlTemplate":"https:\/\/glampingstariha.com\/?s={search_term_string}"},"query-input":"required name=search_term_string"}],"inLanguage":"de"},{"@type":"Organization","@id":"https:\/\/glampingstariha.com\/#organization","name":"Glamping Stariha","url":"https:\/\/glampingstariha.com\/","logo":{"@type":"ImageObject","inLanguage":"de","@id":"https:\/\/glampingstariha.com\/#\/schema\/logo\/image\/","url":"https:\/\/glampingstariha.com\/wp-content\/uploads\/2023\/03\/glamping-logo.png","contentUrl":"https:\/\/glampingstariha.com\/wp-content\/uploads\/2023\/03\/glamping-logo.png","width":5186,"height":2519,"caption":"Glamping Stariha"},"image":{"@id":"https:\/\/glampingstariha.com\/#\/schema\/logo\/image\/"}}]}},"_links":{"self":[{"href":"https:\/\/glampingstariha.com\/de\/wp-json\/wp\/v2\/pages\/1493","targetHints":{"allow":["GET"]}}],"collection":[{"href":"https:\/\/glampingstariha.com\/de\/wp-json\/wp\/v2\/pages"}],"about":[{"href":"https:\/\/glampingstariha.com\/de\/wp-json\/wp\/v2\/types\/page"}],"author":[{"embeddable":true,"href":"https:\/\/glampingstariha.com\/de\/wp-json\/wp\/v2\/users\/1"}],"replies":[{"embeddable":true,"href":"https:\/\/glampingstariha.com\/de\/wp-json\/wp\/v2\/comments?post=1493"}],"version-history":[{"count":14,"href":"https:\/\/glampingstariha.com\/de\/wp-json\/wp\/v2\/pages\/1493\/revisions"}],"predecessor-version":[{"id":1974,"href":"https:\/\/glampingstariha.com\/de\/wp-json\/wp\/v2\/pages\/1493\/revisions\/1974"}],"wp:attachment":[{"href":"https:\/\/glampingstariha.com\/de\/wp-json\/wp\/v2\/media?parent=1493"}],"curies":[{"name":"wp","href":"https:\/\/api.w.org\/{rel}","templated":true}]}}